{"id":203,"date":"2017-04-21T08:37:37","date_gmt":"2017-04-21T08:37:37","guid":{"rendered":"http:\/\/demo2.steelthemes.com\/factoryhub\/?page_id=203"},"modified":"2024-12-10T16:02:44","modified_gmt":"2024-12-10T13:02:44","slug":"iletisim","status":"publish","type":"page","link":"https:\/\/www.ulpadust.com\/tr\/iletisim\/","title":{"rendered":"\u0130leti\u015fim"},"content":{"rendered":"<p>[vc_row full_width=&#8221;stretch_row_content_no_spaces&#8221; el_class=&#8221;fake-header&#8221; css=&#8221;.vc_custom_1517224746701{margin-top: 0px !important;border-top-width: 0px !important;padding-top: 0px !important;}&#8221;][vc_column][vc_gmaps link=&#8221;#E-8_JTNDaWZyYW1lJTIwc3JjJTNEJTIyaHR0cHMlM0ElMkYlMkZ3d3cuZ29vZ2xlLmNvbSUyRm1hcHMlMkZlbWJlZCUzRnBiJTNEJTIxMW0xNCUyMTFtOCUyMTFtMyUyMTFkMTIwMDkuNTM2MDA5MzExNCUyMTJkMjguNTk2MTA1JTIxM2Q0MS4xOTE2MDElMjEzbTIlMjExaTEwMjQlMjEyaTc2OCUyMTRmMTMuMSUyMTNtMyUyMTFtMiUyMTFzMHgwJTI1M0EweDFjNjkzOGMxODlhZDU5N2QlMjEyc1VMUEFURUslMjUyMEZpbHRyZSUyNTIwVGljYXJldCUyNTIwU2FuYXlpJTI1MjBBLiUyNUM1JTI1OUUuJTIxNWUwJTIxM20yJTIxMXN0ciUyMTJzdHIlMjE0djE1ODg3NzA1ODA4NDIlMjE1bTIlMjExc3RyJTIxMnN0ciUyMiUyMHdpZHRoJTNEJTIyNjAwJTIyJTIwaGVpZ2h0JTNEJTIyNDUwJTIyJTIwZnJhbWVib3JkZXIlM0QlMjIwJTIyJTIwc3R5bGUlM0QlMjJib3JkZXIlM0EwJTNCJTIyJTIwYWxsb3dmdWxsc2NyZWVuJTNEJTIyJTIyJTIwYXJpYS1oaWRkZW4lM0QlMjJmYWxzZSUyMiUyMHRhYmluZGV4JTNEJTIyMCUyMiUzRSUzQyUyRmlmcmFtZSUzRQ==&#8221;][\/vc_column][\/vc_row][vc_row css=&#8221;.vc_custom_1516116689975{padding-top: 75px !important;padding-bottom: 60px !important;}&#8221;][vc_column]<div class=\"fh-section-title clearfix  text-left style-1\">\r\n                <h2>\u0130leti\u015fim Bilgilerimiz<\/h2>\r\n            <\/div>[vc_row_inner css=&#8221;.vc_custom_1490257810426{margin-top: 50px !important;}&#8221;][vc_column_inner]<div class=\"fh-contact-box \">\r\n\t\t\t\t<div class=\"contact-box-title\"><h3>Adresimiz<\/h3><\/div>\r\n                <div class=\"info\"><p>\r\n\t\t\t\t\t<span class=\"info-title\">Adres: <\/span>\r\n\t\t\t\t\t<span class=\"info-details\">Yass\u0131\u00f6ren Mahallesi Had\u0131mk\u00f6y Caddesi No: 158, Akp\u0131nar Sanayi B\u00f6lgesi, 34555 Arnavutk\u00f6y\/\u0130stanbul<\/span>\r\n\t\t\t\t<\/p><p>\r\n\t\t\t\t\t<span class=\"info-title\">Telefon: <\/span>\r\n\t\t\t\t\t<span class=\"info-details\">+90 212 623 0300<\/span>\r\n\t\t\t\t<\/p><p>\r\n\t\t\t\t\t<span class=\"info-title\">Fax: <\/span>\r\n\t\t\t\t\t<span class=\"info-details\">+90 212 623 0303<\/span>\r\n\t\t\t\t<\/p><p>\r\n\t\t\t\t\t<span class=\"info-title\">E-mail: <\/span>\r\n\t\t\t\t\t<span class=\"info-details\">info@ulpatek.com<\/span>\r\n\t\t\t\t<\/p><\/div>\r\n            <\/div>[\/vc_column_inner][\/vc_row_inner][vc_empty_space height=&#8221;20px&#8221;][vc_btn title=&#8221;B\u0130ZE MESAJ G\u00d6NDER\u0130N!&#8221; style=&#8221;outline-custom&#8221; outline_custom_color=&#8221;#666666&#8243; outline_custom_hover_background=&#8221;#ff5443&#8243; outline_custom_hover_text=&#8221;#ffffff&#8221; shape=&#8221;square&#8221; size=&#8221;lg&#8221; align=&#8221;center&#8221; i_align=&#8221;right&#8221; i_icon_fontawesome=&#8221;fa fa-paper-plane&#8221; css_animation=&#8221;fadeIn&#8221; add_icon=&#8221;true&#8221; link=&#8221;url:https%3A%2F%2Fwww.ulpatek.com%2Ftr%2Filetisim%2F|||&#8221;][\/vc_column][\/vc_row][vc_row css=&#8221;.vc_custom_1733835687407{padding-top: 0px !important;padding-bottom: 60px !important;}&#8221;][vc_column][vc_row_inner css=&#8221;.vc_custom_1733835695294{margin-top: 0px !important;}&#8221;][vc_column_inner width=&#8221;1\/12&#8243;][\/vc_column_inner][vc_column_inner width=&#8221;5\/6&#8243;]<div class=\"fh-section-title clearfix  text-left style-1\">\r\n                <h2>360 Showroom Turumuzu Ziyaret Edin!<\/h2>\r\n            <\/div>[vc_empty_space][vc_single_image image=&#8221;5262&#8243; img_size=&#8221;full&#8221; alignment=&#8221;center&#8221; onclick=&#8221;custom_link&#8221; img_link_target=&#8221;_blank&#8221; link=&#8221;https:\/\/www.ulpatek.com\/showroom\/index.html&#8221;][\/vc_column_inner][vc_column_inner width=&#8221;1\/12&#8243;][\/vc_column_inner][\/vc_row_inner][vc_empty_space][\/vc_column][\/vc_row]<\/p>\n","protected":false},"excerpt":{"rendered":"<p>[vc_row full_width=&#8221;stretch_row_content_no_spaces&#8221; el_class=&#8221;fake-header&#8221; css=&#8221;.vc_custom_1517224746701{margin-top: 0px !important;border-top-width: 0px !important;padding-top: 0px !important;}&#8221;][vc_column][vc_gmaps link=&#8221;#E-8_JTNDaWZyYW1lJTIwc3JjJTNEJTIyaHR0cHMlM0ElMkYlMkZ3d3cuZ29vZ2xlLmNvbSUyRm1hcHMlMkZlbWJlZCUzRnBiJTNEJTIxMW0xNCUyMTFtOCUyMTFtMyUyMTFkMTIwMDkuNTM2MDA5MzExNCUyMTJkMjguNTk2MTA1JTIxM2Q0MS4xOTE2MDElMjEzbTIlMjExaTEwMjQlMjEyaTc2OCUyMTRmMTMuMSUyMTNtMyUyMTFtMiUyMTFzMHgwJTI1M0EweDFjNjkzOGMxODlhZDU5N2QlMjEyc1VMUEFURUslMjUyMEZpbHRyZSUyNTIwVGljYXJldCUyNTIwU2FuYXlpJTI1MjBBLiUyNUM1JTI1OUUuJTIxNWUwJTIxM20yJTIxMXN0ciUyMTJzdHIlMjE0djE1ODg3NzA1ODA4NDIlMjE1bTIlMjExc3RyJTIxMnN0ciUyMiUyMHdpZHRoJTNEJTIyNjAwJTIyJTIwaGVpZ2h0JTNEJTIyNDUwJTIyJTIwZnJhbWVib3JkZXIlM0QlMjIwJTIyJTIwc3R5bGUlM0QlMjJib3JkZXIlM0EwJTNCJTIyJTIwYWxsb3dmdWxsc2NyZWVuJTNEJTIyJTIyJTIwYXJpYS1oaWRkZW4lM0QlMjJmYWxzZSUyMiUyMHRhYmluZGV4JTNEJTIyMCUyMiUzRSUzQyUyRmlmcmFtZSUzRQ==&#8221;][\/vc_column][\/vc_row][vc_row css=&#8221;.vc_custom_1516116689975{padding-top: 75px !important;padding-bottom: 60px !important;}&#8221;][vc_column][vc_row_inner css=&#8221;.vc_custom_1490257810426{margin-top: 50px !important;}&#8221;][vc_column_inner][\/vc_column_inner][\/vc_row_inner][vc_empty_space height=&#8221;20px&#8221;][vc_btn&hellip;<\/p>\n","protected":false},"author":1,"featured_media":0,"parent":0,"menu_order":0,"comment_status":"closed","ping_status":"closed","template":"template-fullwidth.php","meta":{"footnotes":""},"class_list":["post-203","page","type-page","status-publish","hentry","no-thumb"],"rttpg_featured_image_url":null,"rttpg_author":{"display_name":"nomads","author_link":"https:\/\/www.ulpadust.com\/tr\/author\/nomads\/"},"rttpg_comment":0,"rttpg_category":null,"rttpg_excerpt":"[vc_row full_width=&#8221;stretch_row_content_no_spaces&#8221; el_class=&#8221;fake-header&#8221; css=&#8221;.vc_custom_1517224746701{margin-top: 0px !important;border-top-width: 0px !important;padding-top: 0px !important;}&#8221;][vc_column][vc_gmaps link=&#8221;#E-8_JTNDaWZyYW1lJTIwc3JjJTNEJTIyaHR0cHMlM0ElMkYlMkZ3d3cuZ29vZ2xlLmNvbSUyRm1hcHMlMkZlbWJlZCUzRnBiJTNEJTIxMW0xNCUyMTFtOCUyMTFtMyUyMTFkMTIwMDkuNTM2MDA5MzExNCUyMTJkMjguNTk2MTA1JTIxM2Q0MS4xOTE2MDElMjEzbTIlMjExaTEwMjQlMjEyaTc2OCUyMTRmMTMuMSUyMTNtMyUyMTFtMiUyMTFzMHgwJTI1M0EweDFjNjkzOGMxODlhZDU5N2QlMjEyc1VMUEFURUslMjUyMEZpbHRyZSUyNTIwVGljYXJldCUyNTIwU2FuYXlpJTI1MjBBLiUyNUM1JTI1OUUuJTIxNWUwJTIxM20yJTIxMXN0ciUyMTJzdHIlMjE0djE1ODg3NzA1ODA4NDIlMjE1bTIlMjExc3RyJTIxMnN0ciUyMiUyMHdpZHRoJTNEJTIyNjAwJTIyJTIwaGVpZ2h0JTNEJTIyNDUwJTIyJTIwZnJhbWVib3JkZXIlM0QlMjIwJTIyJTIwc3R5bGUlM0QlMjJib3JkZXIlM0EwJTNCJTIyJTIwYWxsb3dmdWxsc2NyZWVuJTNEJTIyJTIyJTIwYXJpYS1oaWRkZW4lM0QlMjJmYWxzZSUyMiUyMHRhYmluZGV4JTNEJTIyMCUyMiUzRSUzQyUyRmlmcmFtZSUzRQ==&#8221;][\/vc_column][\/vc_row][vc_row css=&#8221;.vc_custom_1516116689975{padding-top: 75px !important;padding-bottom: 60px !important;}&#8221;][vc_column][vc_row_inner css=&#8221;.vc_custom_1490257810426{margin-top: 50px !important;}&#8221;][vc_column_inner][\/vc_column_inner][\/vc_row_inner][vc_empty_space height=&#8221;20px&#8221;][vc_btn&hellip;","_links":{"self":[{"href":"https:\/\/www.ulpadust.com\/tr\/wp-json\/wp\/v2\/pages\/203"}],"collection":[{"href":"https:\/\/www.ulpadust.com\/tr\/wp-json\/wp\/v2\/pages"}],"about":[{"href":"https:\/\/www.ulpadust.com\/tr\/wp-json\/wp\/v2\/types\/page"}],"author":[{"embeddable":true,"href":"https:\/\/www.ulpadust.com\/tr\/wp-json\/wp\/v2\/users\/1"}],"replies":[{"embeddable":true,"href":"https:\/\/www.ulpadust.com\/tr\/wp-json\/wp\/v2\/comments?post=203"}],"version-history":[{"count":32,"href":"https:\/\/www.ulpadust.com\/tr\/wp-json\/wp\/v2\/pages\/203\/revisions"}],"predecessor-version":[{"id":5267,"href":"https:\/\/www.ulpadust.com\/tr\/wp-json\/wp\/v2\/pages\/203\/revisions\/5267"}],"wp:attachment":[{"href":"https:\/\/www.ulpadust.com\/tr\/wp-json\/wp\/v2\/media?parent=203"}],"curies":[{"name":"wp","href":"https:\/\/api.w.org\/{rel}","templated":true}]}}