{"id":204,"date":"2017-04-21T08:39:05","date_gmt":"2017-04-21T08:39:05","guid":{"rendered":"http:\/\/demo2.steelthemes.com\/factoryhub\/?page_id=204"},"modified":"2017-04-21T08:39:05","modified_gmt":"2017-04-21T08:39:05","slug":"faq","status":"publish","type":"page","link":"https:\/\/www.ulpadust.com\/tr\/faq\/","title":{"rendered":"FAQ"},"content":{"rendered":"<p>[vc_row css=&#8221;.vc_custom_1490691942766{padding-top: 80px !important;padding-bottom: 80px !important;}&#8221;][vc_column width=&#8221;1\/2&#8243; css=&#8221;.vc_custom_1490692893836{padding-right: 65px !important;}&#8221;][fh_faq title=&#8221;What is the procedure to join with your company?&#8221;]The master-builder of human happiness. No one rejects, dislikes, or avoids pleasure itself, because it is pleasure, but because seds those who do not know how to pursue pleasure.[\/fh_faq][fh_faq open=&#8221;1&#8243; title=&#8221;Do you give any offer for premium customer?&#8221;]The master-builder of human happiness. No one rejects, dislikes, or avoids pleasure itself, because it is pleasure, but because seds those who do not know how to pursue pleasure.[\/fh_faq][fh_faq title=&#8221;What makes you special from others?&#8221;]The master-builder of human happiness. No one rejects, dislikes, or avoids pleasure itself, because it is pleasure, but because seds those who do not know how to pursue pleasure.[\/fh_faq][fh_faq title=&#8221;Why Would a Successful Entrepreneur Hire a Coach?&#8221;]The master-builder of human happiness. No one rejects, dislikes, or avoids pleasure itself, because it is pleasure, but because seds those who do not know how to pursue pleasure.[\/fh_faq][fh_faq the_last=&#8221;1&#8243; title=&#8221;Waht makes your financial projects special?&#8221;]The master-builder of human happiness. No one rejects, dislikes, or avoids pleasure itself, because it is pleasure, but because seds those who do not know how to pursue pleasure.[\/fh_faq][fh_faq the_last=&#8221;1&#8243; title=&#8221;How long will take us to raise capital?&#8221;]The master-builder of human happiness. No one rejects, dislikes, or avoids pleasure itself, because it is pleasure, but because seds those who do not know how to pursue pleasure.[\/fh_faq][fh_faq the_last=&#8221;1&#8243; title=&#8221;Can I offer my items for free on a promotional basis?&#8221;]The master-builder of human happiness. No one rejects, dislikes, or avoids pleasure itself, because it is pleasure, but because seds those who do not know how to pursue pleasure.[\/fh_faq][fh_faq the_last=&#8221;1&#8243; title=&#8221;How to buy full package of business hub?&#8221;]The master-builder of human happiness. No one rejects, dislikes, or avoids pleasure itself, because it is pleasure, but because seds those who do not know how to pursue pleasure.[\/fh_faq][\/vc_column][vc_column width=&#8221;1\/2&#8243; css=&#8221;.vc_custom_1490691780779{padding-left: 65px !important;}&#8221;][vc_column_text css=&#8221;.vc_custom_1490691936430{padding-bottom: 25px !important;}&#8221;]<\/p>\n<h3 style=\"font-size: 30px; font-weight: 400; color: #222; font-family: 'Open Sans', sans-serif; margin-top: 0;\">Ask Your Questions<\/h3>\n<p>[\/vc_column_text]<p class=\"wpcf7-contact-form-not-found\"><strong>Hata:<\/strong> \u0130leti\u015fim formu bulunamad\u0131.<\/p>[\/vc_column][\/vc_row]<\/p>\n","protected":false},"excerpt":{"rendered":"<p>[vc_row css=&#8221;.vc_custom_1490691942766{padding-top: 80px !important;padding-bottom: 80px !important;}&#8221;][vc_column width=&#8221;1\/2&#8243; css=&#8221;.vc_custom_1490692893836{padding-right: 65px !important;}&#8221;][fh_faq title=&#8221;What is the procedure to join with your company?&#8221;]The master-builder&hellip;<\/p>\n","protected":false},"author":1,"featured_media":0,"parent":0,"menu_order":0,"comment_status":"closed","ping_status":"closed","template":"template-fullwidth.php","meta":{"footnotes":""},"class_list":["post-204","page","type-page","status-publish","hentry","no-thumb"],"rttpg_featured_image_url":null,"rttpg_author":{"display_name":"nomads","author_link":"https:\/\/www.ulpadust.com\/tr\/author\/nomads\/"},"rttpg_comment":0,"rttpg_category":null,"rttpg_excerpt":"[vc_row css=&#8221;.vc_custom_1490691942766{padding-top: 80px !important;padding-bottom: 80px !important;}&#8221;][vc_column width=&#8221;1\/2&#8243; css=&#8221;.vc_custom_1490692893836{padding-right: 65px !important;}&#8221;][fh_faq title=&#8221;What is the procedure to join with your company?&#8221;]The master-builder&hellip;","_links":{"self":[{"href":"https:\/\/www.ulpadust.com\/tr\/wp-json\/wp\/v2\/pages\/204"}],"collection":[{"href":"https:\/\/www.ulpadust.com\/tr\/wp-json\/wp\/v2\/pages"}],"about":[{"href":"https:\/\/www.ulpadust.com\/tr\/wp-json\/wp\/v2\/types\/page"}],"author":[{"embeddable":true,"href":"https:\/\/www.ulpadust.com\/tr\/wp-json\/wp\/v2\/users\/1"}],"replies":[{"embeddable":true,"href":"https:\/\/www.ulpadust.com\/tr\/wp-json\/wp\/v2\/comments?post=204"}],"version-history":[{"count":0,"href":"https:\/\/www.ulpadust.com\/tr\/wp-json\/wp\/v2\/pages\/204\/revisions"}],"wp:attachment":[{"href":"https:\/\/www.ulpadust.com\/tr\/wp-json\/wp\/v2\/media?parent=204"}],"curies":[{"name":"wp","href":"https:\/\/api.w.org\/{rel}","templated":true}]}}