{"id":2777,"date":"2018-01-07T13:59:49","date_gmt":"2018-01-07T10:59:49","guid":{"rendered":"http:\/\/test.ulpatek.com\/?page_id=2777"},"modified":"2018-01-07T14:20:54","modified_gmt":"2018-01-07T11:20:54","slug":"rulo-filtre","status":"publish","type":"page","link":"https:\/\/www.ulpadust.com\/tr\/rulo-filtre\/","title":{"rendered":"Rulo Filtre"},"content":{"rendered":"<p>[vc_row css=&#8221;.vc_custom_1492657451042{padding-bottom: 50px !important;}&#8221;][vc_column width=&#8221;2\/3&#8243;]<div class=\"fh-section-title clearfix  text-left style-1\">\r\n                <h2>Uygulamalar<\/h2>\r\n            <\/div>[vc_column_text css=&#8221;.vc_custom_1515264347530{padding-top: 40px !important;padding-bottom: 25px !important;}&#8221;]Fan Coiller, havaland\u0131rma sistemleri,<br \/>\nHava Ko\u015fulland\u0131rma Sistemleri (AHU) ve EPA ve HEPA filtreler i\u00e7in \u00f6nfiltre olarak.[\/vc_column_text][vc_custom_heading text=&#8221;\u00d6zellikler&#8221; font_container=&#8221;tag:h3|font_size:24|text_align:left|color:%23212121&#8243; use_theme_fonts=&#8221;yes&#8221; css=&#8221;.vc_custom_1515264356787{margin-top: 0px !important;margin-bottom: 0px !important;padding-bottom: 10px !important;}&#8221;][vc_column_text]<\/p>\n<table style=\"height: 118px;\" border=\"0\" width=\"711\" cellspacing=\"1\" cellpadding=\"1\">\n<tbody>\n<tr>\n<td>\u2022 Alev almaz<\/td>\n<td>\u2022 Verimli Kademeli yap\u0131s\u0131 sonucu y\u00fcksek toz tutma kapasitesi.<\/td>\n<\/tr>\n<tr>\n<td>\u2022 \u00c7evre dostu<\/td>\n<td>\u2022 Y\u00fcksek homojenlik ve boyut \u00e7e\u015fitlili\u011fi<\/td>\n<\/tr>\n<tr>\n<td>\u2022 Kolay i\u015flenebilir<\/td>\n<td>\u2022 Termal ba\u011flanm\u0131\u015f<\/td>\n<\/tr>\n<tr>\n<td>\u2022 DIN 53438&#8217;e g\u00f6re s\u0131n\u0131f\u0131 K1\/F1<\/td>\n<td><\/td>\n<\/tr>\n<\/tbody>\n<\/table>\n<p>[\/vc_column_text][\/vc_column][vc_column width=&#8221;1\/3&#8243;][vc_single_image image=&#8221;2738&#8243; img_size=&#8221;large&#8221;][\/vc_column][\/vc_row][vc_row][vc_column][vc_separator color=&#8221;custom&#8221; accent_color=&#8221;#f7f7f7&#8243;][\/vc_column][\/vc_row][vc_row][vc_column][vc_custom_heading text=&#8221;Detaylar&#8221; font_container=&#8221;tag:h3|font_size:24|text_align:left|color:%23212121&#8243; use_theme_fonts=&#8221;yes&#8221; css=&#8221;.vc_custom_1515309353665{margin-top: 0px !important;margin-bottom: 0px !important;padding-bottom: 10px !important;}&#8221;][vc_tta_tabs][vc_tta_section title=&#8221;Teknik \u00d6zellikler&#8221; tab_id=&#8221;1515264615642-a3a5eba4-2a7b&#8221;][vc_column_text]<strong>Filtre S\u0131n\u0131f\u0131;<\/strong>\u00a0G3 &#8211; G4<\/p>\n<p><strong>Max. \u00c7al\u0131\u015fma S\u0131cakl\u0131\u011f\u0131<\/strong>; 75\u00b0C<\/p>\n<p><strong>Medya<\/strong>; Sentetik elyaf \u00a0 \u00a0 \u00a0 \u00a0 \u00a0 \u00a0 \u00a0 \u00a0 \u00a0 \u00a0 \u00a0 \u00a0 \u00a0 \u00a0 \u00a0 \u00a0 \u00a0 \u00a0 \u00a0 \u00a0 \u00a0 \u00a0 \u00a0 \u00a0 \u00a0 \u00a0 \u00a0 \u00a0 \u00a0 \u00a0 \u00a0 \u00a0<strong>\u00a0<\/strong><\/p>\n<p><strong>Son Bas\u0131n\u00e7 Kayb\u0131;\u00a0<\/strong>250 Pa[\/vc_column_text][\/vc_tta_section][vc_tta_section title=&#8221;Kodlama&#8221; tab_id=&#8221;1515264615671-90e1bf0b-7206&#8243;][vc_single_image image=&#8221;2739&#8243; img_size=&#8221;large&#8221; alignment=&#8221;center&#8221;][\/vc_tta_section][vc_tta_section title=&#8221;Katalog&#8221; tab_id=&#8221;1515265213684-d2f51aef-725d&#8221;][vc_icon icon_fontawesome=&#8221;fa fa-file-pdf-o&#8221; background_style=&#8221;rounded-less&#8221; size=&#8221;xl&#8221; align=&#8221;center&#8221; link=&#8221;url:%2Fwp-content%2Fuploads%2F2018%2F01%2Fulpatek-kabafiltrasyon-rulo-filtre-katalog.pdf|||&#8221;][vc_empty_space][vc_btn title=&#8221;Katalo\u011fu \u0130ndir&#8221; size=&#8221;lg&#8221; align=&#8221;center&#8221; link=&#8221;url:%2Fwp-content%2Fuploads%2F2018%2F01%2Fulpatek-kabafiltrasyon-rulo-filtre-katalog.pdf|||&#8221;][\/vc_tta_section][vc_tta_section title=&#8221;Galeri&#8221; tab_id=&#8221;1515265509814-3cbd3b79-38b0&#8243;][\/vc_tta_section][\/vc_tta_tabs][vc_empty_space][vc_btn title=&#8221;Bizimle ileti\u015fime ge\u00e7in.&#8221; color=&#8221;success&#8221; size=&#8221;lg&#8221; align=&#8221;center&#8221;][\/vc_column][\/vc_row]<\/p>\n","protected":false},"excerpt":{"rendered":"<p>[vc_row css=&#8221;.vc_custom_1492657451042{padding-bottom: 50px !important;}&#8221;][vc_column width=&#8221;2\/3&#8243;][vc_column_text css=&#8221;.vc_custom_1515264347530{padding-top: 40px !important;padding-bottom: 25px !important;}&#8221;]Fan Coiller, havaland\u0131rma sistemleri, Hava Ko\u015fulland\u0131rma Sistemleri (AHU) ve EPA ve&hellip;<\/p>\n","protected":false},"author":1,"featured_media":0,"parent":0,"menu_order":0,"comment_status":"closed","ping_status":"closed","template":"","meta":{"footnotes":""},"class_list":["post-2777","page","type-page","status-publish","hentry","no-thumb"],"rttpg_featured_image_url":null,"rttpg_author":{"display_name":"nomads","author_link":"https:\/\/www.ulpadust.com\/tr\/author\/nomads\/"},"rttpg_comment":0,"rttpg_category":null,"rttpg_excerpt":"[vc_row css=&#8221;.vc_custom_1492657451042{padding-bottom: 50px !important;}&#8221;][vc_column width=&#8221;2\/3&#8243;][vc_column_text css=&#8221;.vc_custom_1515264347530{padding-top: 40px !important;padding-bottom: 25px !important;}&#8221;]Fan Coiller, havaland\u0131rma sistemleri, Hava Ko\u015fulland\u0131rma Sistemleri (AHU) ve EPA ve&hellip;","_links":{"self":[{"href":"https:\/\/www.ulpadust.com\/tr\/wp-json\/wp\/v2\/pages\/2777"}],"collection":[{"href":"https:\/\/www.ulpadust.com\/tr\/wp-json\/wp\/v2\/pages"}],"about":[{"href":"https:\/\/www.ulpadust.com\/tr\/wp-json\/wp\/v2\/types\/page"}],"author":[{"embeddable":true,"href":"https:\/\/www.ulpadust.com\/tr\/wp-json\/wp\/v2\/users\/1"}],"replies":[{"embeddable":true,"href":"https:\/\/www.ulpadust.com\/tr\/wp-json\/wp\/v2\/comments?post=2777"}],"version-history":[{"count":1,"href":"https:\/\/www.ulpadust.com\/tr\/wp-json\/wp\/v2\/pages\/2777\/revisions"}],"predecessor-version":[{"id":2778,"href":"https:\/\/www.ulpadust.com\/tr\/wp-json\/wp\/v2\/pages\/2777\/revisions\/2778"}],"wp:attachment":[{"href":"https:\/\/www.ulpadust.com\/tr\/wp-json\/wp\/v2\/media?parent=2777"}],"curies":[{"name":"wp","href":"https:\/\/api.w.org\/{rel}","templated":true}]}}