{"id":2779,"date":"2018-01-07T14:01:54","date_gmt":"2018-01-07T11:01:54","guid":{"rendered":"http:\/\/test.ulpatek.com\/?page_id=2779"},"modified":"2018-01-07T14:42:13","modified_gmt":"2018-01-07T11:42:13","slug":"poliuretan-filtre","status":"publish","type":"page","link":"https:\/\/www.ulpadust.com\/tr\/poliuretan-filtre\/","title":{"rendered":"Poli\u00fcretan Filtre"},"content":{"rendered":"<p>[vc_row css=&#8221;.vc_custom_1492657451042{padding-bottom: 50px !important;}&#8221;][vc_column width=&#8221;2\/3&#8243;]<div class=\"fh-section-title clearfix  text-left style-1\">\r\n                <h2>Uygulamalar<\/h2>\r\n            <\/div>[vc_empty_space][vc_column_text]I am text block. Click edit button to change this text. Lorem ipsum dolor sit amet, consectetur adipiscing elit. Ut elit tellus, luctus nec ullamcorper mattis, pulvinar dapibus leo.[\/vc_column_text][vc_empty_space][vc_custom_heading text=&#8221;\u00d6zellikler&#8221; font_container=&#8221;tag:h3|font_size:24|text_align:left|color:%23212121&#8243; use_theme_fonts=&#8221;yes&#8221; css=&#8221;.vc_custom_1515264356787{margin-top: 0px !important;margin-bottom: 0px !important;padding-bottom: 10px !important;}&#8221;][vc_column_text]<\/p>\n<table style=\"height: 118px;\" border=\"0\" width=\"575\" cellspacing=\"1\" cellpadding=\"1\">\n<tbody>\n<tr>\n<td>\u2022 G\u00f6zenekli poli\u00fcretan filtre medyas\u0131<\/td>\n<td>\u2022 Y\u0131kanabilir<\/td>\n<\/tr>\n<tr>\n<td>\u2022 Hacmi k\u00fc\u00e7\u00fck, kolay ta\u015f\u0131n\u0131r<\/td>\n<td>\u2022 D\u00fc\u015f\u00fck bas\u0131n\u00e7 kayb\u0131<\/td>\n<\/tr>\n<tr>\n<td>\u2022 Her iki taraf\u0131 kafes telli koruma<\/td>\n<td>\u2022 istenilen boyutta ve derinlikte<\/td>\n<\/tr>\n<tr>\n<td>\u2022 Kolay Monte edilir<\/td>\n<td><\/td>\n<\/tr>\n<\/tbody>\n<\/table>\n<p>[\/vc_column_text][\/vc_column][vc_column width=&#8221;1\/3&#8243;][vc_single_image image=&#8221;2744&#8243; img_size=&#8221;large&#8221;][\/vc_column][\/vc_row][vc_row][vc_column][vc_separator color=&#8221;custom&#8221; accent_color=&#8221;#f7f7f7&#8243;][\/vc_column][\/vc_row][vc_row][vc_column][vc_custom_heading text=&#8221;Detaylar&#8221; font_container=&#8221;tag:h3|font_size:24|text_align:left|color:%23212121&#8243; use_theme_fonts=&#8221;yes&#8221; css=&#8221;.vc_custom_1515309486406{margin-top: 0px !important;margin-bottom: 0px !important;padding-bottom: 10px !important;}&#8221;][vc_tta_tabs][vc_tta_section title=&#8221;Teknik \u00d6zellikler&#8221; tab_id=&#8221;1515264615642-a3a5eba4-2a7b&#8221;][vc_column_text]<\/p>\n<table border=\"0\" cellspacing=\"1\" cellpadding=\"1\">\n<tbody>\n<tr>\n<td><strong>Filtre S\u0131n\u0131f\u0131;<\/strong>\u00a0G2<\/td>\n<td><strong>Standart derinlik;<\/strong>\u00a020 &#8211; 48mm<\/td>\n<\/tr>\n<tr>\n<td><strong>Medya;<\/strong>\u00a0Poli\u00fcretan<\/td>\n<td><strong>Max. \u00c7al\u0131\u015fma S\u0131cakl\u0131\u011f\u0131;<\/strong>\u00a075\u00b0C<\/td>\n<\/tr>\n<tr>\n<td><strong>\u00c7er\u00e7eve Tipi;<\/strong>\u00a0Galvaniz Sac<\/td>\n<td><strong>Uygulama;<\/strong>\u00a0HVAC i\u00e7in \u00f6n filtre<\/td>\n<\/tr>\n<\/tbody>\n<\/table>\n<p>[\/vc_column_text][\/vc_tta_section][vc_tta_section title=&#8221;Kodlama&#8221; tab_id=&#8221;1515264615671-90e1bf0b-7206&#8243;][vc_single_image image=&#8221;2766&#8243; img_size=&#8221;large&#8221; alignment=&#8221;center&#8221;][\/vc_tta_section][vc_tta_section title=&#8221;Katalog&#8221; tab_id=&#8221;1515265213684-d2f51aef-725d&#8221;][vc_icon icon_fontawesome=&#8221;fa fa-file-pdf-o&#8221; background_style=&#8221;rounded-less&#8221; size=&#8221;xl&#8221; align=&#8221;center&#8221; link=&#8221;url:%2Fwp-content%2Fuploads%2F2018%2F01%2Fulpatek-kabafiltrasyon-poliu%CC%88retan-filtre-katalog-pdf.pdf|||&#8221;][vc_btn title=&#8221;Katalo\u011fu \u0130ndir&#8221; size=&#8221;lg&#8221; align=&#8221;center&#8221; link=&#8221;url:%2Fwp-content%2Fuploads%2F2018%2F01%2Fulpatek-kabafiltrasyon-poliu%CC%88retan-filtre-katalog-pdf.pdf|||&#8221;][\/vc_tta_section][vc_tta_section title=&#8221;Galeri&#8221; tab_id=&#8221;1515265509814-3cbd3b79-38b0&#8243;][\/vc_tta_section][\/vc_tta_tabs][vc_empty_space][vc_btn title=&#8221;Bizimle ileti\u015fime ge\u00e7in.&#8221; color=&#8221;success&#8221; size=&#8221;lg&#8221; align=&#8221;center&#8221;][\/vc_column][\/vc_row]<\/p>\n","protected":false},"excerpt":{"rendered":"<p>[vc_row css=&#8221;.vc_custom_1492657451042{padding-bottom: 50px !important;}&#8221;][vc_column width=&#8221;2\/3&#8243;][vc_empty_space][vc_column_text]I am text block. Click edit button to change this text. Lorem ipsum dolor sit amet,&hellip;<\/p>\n","protected":false},"author":1,"featured_media":0,"parent":0,"menu_order":0,"comment_status":"closed","ping_status":"closed","template":"","meta":{"footnotes":""},"class_list":["post-2779","page","type-page","status-publish","hentry","no-thumb"],"rttpg_featured_image_url":null,"rttpg_author":{"display_name":"nomads","author_link":"https:\/\/www.ulpadust.com\/tr\/author\/nomads\/"},"rttpg_comment":0,"rttpg_category":null,"rttpg_excerpt":"[vc_row css=&#8221;.vc_custom_1492657451042{padding-bottom: 50px !important;}&#8221;][vc_column width=&#8221;2\/3&#8243;][vc_empty_space][vc_column_text]I am text block. Click edit button to change this text. Lorem ipsum dolor sit amet,&hellip;","_links":{"self":[{"href":"https:\/\/www.ulpadust.com\/tr\/wp-json\/wp\/v2\/pages\/2779"}],"collection":[{"href":"https:\/\/www.ulpadust.com\/tr\/wp-json\/wp\/v2\/pages"}],"about":[{"href":"https:\/\/www.ulpadust.com\/tr\/wp-json\/wp\/v2\/types\/page"}],"author":[{"embeddable":true,"href":"https:\/\/www.ulpadust.com\/tr\/wp-json\/wp\/v2\/users\/1"}],"replies":[{"embeddable":true,"href":"https:\/\/www.ulpadust.com\/tr\/wp-json\/wp\/v2\/comments?post=2779"}],"version-history":[{"count":1,"href":"https:\/\/www.ulpadust.com\/tr\/wp-json\/wp\/v2\/pages\/2779\/revisions"}],"predecessor-version":[{"id":2780,"href":"https:\/\/www.ulpadust.com\/tr\/wp-json\/wp\/v2\/pages\/2779\/revisions\/2780"}],"wp:attachment":[{"href":"https:\/\/www.ulpadust.com\/tr\/wp-json\/wp\/v2\/media?parent=2779"}],"curies":[{"name":"wp","href":"https:\/\/api.w.org\/{rel}","templated":true}]}}