{"id":2913,"date":"2018-01-14T19:19:33","date_gmt":"2018-01-14T16:19:33","guid":{"rendered":"http:\/\/test.ulpatek.com\/?page_id=2913"},"modified":"2024-08-02T10:07:42","modified_gmt":"2024-08-02T07:07:42","slug":"ilac","status":"publish","type":"page","link":"https:\/\/www.ulpadust.com\/tr\/uygulamalar\/ilac\/","title":{"rendered":"\u0130la\u00e7"},"content":{"rendered":"<p>[vc_row][vc_column width=&#8221;3\/4&#8243;][vc_row_inner][vc_column_inner width=&#8221;1\/2&#8243;][vc_empty_space height=&#8221;20&#8243;][vc_column_text]<strong>\u0130la\u00e7 Fabrikalar\u0131 Toz Toplama Sistemi Uygulamalar\u0131<\/strong><\/p>\n<p>\u0130la\u00e7 tozlar\u0131 genellikle y\u00fcksek derecede zehirli ve patlay\u0131c\u0131d\u0131rlar.<\/p>\n<p>UDC Pharma, \u00e7e\u015fitli opsiyonlar\u0131 ve y\u00fcksek performansl\u0131 filtreleme ile farmas\u00f6tik \u00fcretim taleplerini kolayl\u0131kla kar\u015f\u0131layabilir.<\/p>\n<ul>\n<li>G\u00fcvenli De\u011fi\u015fim &#8211; Torbal\u0131 Filtre Giri\u015f \u00c7\u0131k\u0131\u015f\u0131 (BIBO)<\/li>\n<li>S\u00fcrekli lineer de\u015farj<\/li>\n<li>G\u00fcvenli De\u011fi\u015fim HEPA<\/li>\n<li>Seviye \u015ealterleri<\/li>\n<li>Patlama Kapaklar\u0131 &#8211; Alevsiz Havaland\u0131rma \u00c7\u00f6z\u00fcmleri<\/li>\n<li>\u0130zolasyon Valfleri<\/li>\n<\/ul>\n<p>[\/vc_column_text][\/vc_column_inner][vc_column_inner width=&#8221;1\/2&#8243;][vc_single_image image=&#8221;4192&#8243; img_size=&#8221;large&#8221; alignment=&#8221;center&#8221; css_animation=&#8221;right-to-left&#8221;][\/vc_column_inner][\/vc_row_inner][vc_empty_space height=&#8221;20&#8243;][vc_separator][vc_empty_space height=&#8221;20&#8243;][vc_column_text]Bir sistem uygulamas\u0131 olarak UDC Pharma, tesisinizi daha temiz tutar, i\u015fletmenizi daha \u00fcretken hale getirir ve \u00e7al\u0131\u015fanlar\u0131n\u0131z\u0131 korur.<\/p>\n<p>Terzi usul\u00fc \u00e7\u00f6z\u00fcmler ile farkl\u0131 farmas\u00f6tik s\u00fcre\u00e7ler gibi \u00f6zel uygulamalarda ihtiyac\u0131n\u0131z olan\u0131 tam olarak verir. Baz\u0131 farmas\u00f6tik uygulamalarda bu \u00e7\u00f6z\u00fcmler \u00e7apraz kontaminasyon, sa\u011fl\u0131k tehlikesi vb. I\u00e7in kritik \u00f6neme sahip olabilir. Ayr\u0131ca paslanmaz \u00e7elik oda egzoz portlar\u0131, farmas\u00f6tik kat\u0131 dozaj \u00fcretim makina ba\u011flant\u0131lar\u0131 (kurutma, kar\u0131\u015ft\u0131rma, presleme, paketleme), yerel egzozlar (akrobat kollar) ile tozlar, enerji tasarrufunu s\u00fcrd\u00fcrmek i\u00e7in gerekli minimum hava ak\u0131\u015f\u0131yla do\u011frudan yap\u0131labilir. Di\u011fer taraftan, bu portlar enerji tasarrufunu art\u0131rmak i\u00e7in VSD opsiyonu ile birlikte g\u00fcvenli s\u00fcrg\u00fcl\u00fc damper ile kolayca kontrol edilebilir. Genel havaland\u0131rma \u00e7\u00f6z\u00fcmleri olarak genellikle egzoz havas\u0131 i\u00e7in ve ayn\u0131 zamanda santral AHU uygulamalar\u0131 ile birlikte de kullan\u0131l\u0131r.<\/p>\n<ul>\n<li>Kar\u0131\u015ft\u0131rma ve Kar\u0131\u015ft\u0131rma<\/li>\n<li>Gran\u00fclasyon<\/li>\n<li>Ak\u0131\u015fkan Yatakl\u0131 Kurutma<\/li>\n<li>P\u00fcsk\u00fcrtmeyle kurutma<\/li>\n<li>Tablet Pan Kaplama<\/li>\n<li>Tablet Bask\u0131<\/li>\n<li>Dolum ve Paketleme<\/li>\n<li>Genel Oda Havaland\u0131rma<\/li>\n<li>Yerel egzoz havaland\u0131rmas\u0131<\/li>\n<li>Merkezi Vakum<\/li>\n<\/ul>\n<p>[\/vc_column_text][vc_empty_space height=&#8221;20&#8243;][vc_btn title=&#8221;\u0130la\u00e7 Uygulama Katalogu&#8221; style=&#8221;custom&#8221; custom_background=&#8221;#ff5400&#8243; custom_text=&#8221;#ffffff&#8221; shape=&#8221;square&#8221; align=&#8221;left&#8221; css_animation=&#8221;fadeIn&#8221; link=&#8221;url:https%3A%2F%2Fulpadust.com%2Fwp-content%2Fuploads%2F2018%2F05%2F%25C4%25B0LA%25C3%2587-PDF.pdf|||&#8221;][vc_empty_space height=&#8221;20&#8243;][vc_row_inner][vc_column_inner][vc_gallery type=&#8221;flexslider_slide&#8221; interval=&#8221;3&#8243; images=&#8221;4219,4233,4231,4218,4215&#8243; img_size=&#8221;full&#8221;][\/vc_column_inner][\/vc_row_inner][vc_empty_space][vc_empty_space][vc_row_inner][vc_column_inner][vc_btn title=&#8221;\u0130LET\u0130\u015e\u0130M&#8221; style=&#8221;custom&#8221; custom_background=&#8221;#17306d&#8221; custom_text=&#8221;#ffffff&#8221; shape=&#8221;square&#8221; align=&#8221;left&#8221; css_animation=&#8221;left-to-right&#8221; link=&#8221;url:%2Ftr%2Filetisim%2F|||&#8221;][\/vc_column_inner][\/vc_row_inner][vc_empty_space height=&#8221;20&#8243;][\/vc_column][vc_column width=&#8221;1\/4&#8243;][vc_widget_sidebar sidebar_id=&#8221;page-sidebar&#8221;][\/vc_column][\/vc_row]<\/p>\n","protected":false},"excerpt":{"rendered":"<p>[vc_row][vc_column width=&#8221;3\/4&#8243;][vc_row_inner][vc_column_inner width=&#8221;1\/2&#8243;][vc_empty_space height=&#8221;20&#8243;][vc_column_text]\u0130la\u00e7 Fabrikalar\u0131 Toz Toplama Sistemi Uygulamalar\u0131 \u0130la\u00e7 tozlar\u0131 genellikle y\u00fcksek derecede zehirli ve patlay\u0131c\u0131d\u0131rlar. UDC Pharma, \u00e7e\u015fitli&hellip;<\/p>\n","protected":false},"author":1,"featured_media":0,"parent":3304,"menu_order":0,"comment_status":"closed","ping_status":"closed","template":"","meta":{"footnotes":""},"class_list":["post-2913","page","type-page","status-publish","hentry","no-thumb"],"rttpg_featured_image_url":null,"rttpg_author":{"display_name":"nomads","author_link":"https:\/\/www.ulpadust.com\/tr\/author\/nomads\/"},"rttpg_comment":0,"rttpg_category":null,"rttpg_excerpt":"[vc_row][vc_column width=&#8221;3\/4&#8243;][vc_row_inner][vc_column_inner width=&#8221;1\/2&#8243;][vc_empty_space height=&#8221;20&#8243;][vc_column_text]\u0130la\u00e7 Fabrikalar\u0131 Toz Toplama Sistemi Uygulamalar\u0131 \u0130la\u00e7 tozlar\u0131 genellikle y\u00fcksek derecede zehirli ve patlay\u0131c\u0131d\u0131rlar. UDC Pharma, \u00e7e\u015fitli&hellip;","_links":{"self":[{"href":"https:\/\/www.ulpadust.com\/tr\/wp-json\/wp\/v2\/pages\/2913"}],"collection":[{"href":"https:\/\/www.ulpadust.com\/tr\/wp-json\/wp\/v2\/pages"}],"about":[{"href":"https:\/\/www.ulpadust.com\/tr\/wp-json\/wp\/v2\/types\/page"}],"author":[{"embeddable":true,"href":"https:\/\/www.ulpadust.com\/tr\/wp-json\/wp\/v2\/users\/1"}],"replies":[{"embeddable":true,"href":"https:\/\/www.ulpadust.com\/tr\/wp-json\/wp\/v2\/comments?post=2913"}],"version-history":[{"count":46,"href":"https:\/\/www.ulpadust.com\/tr\/wp-json\/wp\/v2\/pages\/2913\/revisions"}],"predecessor-version":[{"id":5192,"href":"https:\/\/www.ulpadust.com\/tr\/wp-json\/wp\/v2\/pages\/2913\/revisions\/5192"}],"up":[{"embeddable":true,"href":"https:\/\/www.ulpadust.com\/tr\/wp-json\/wp\/v2\/pages\/3304"}],"wp:attachment":[{"href":"https:\/\/www.ulpadust.com\/tr\/wp-json\/wp\/v2\/media?parent=2913"}],"curies":[{"name":"wp","href":"https:\/\/api.w.org\/{rel}","templated":true}]}}