{"id":2920,"date":"2018-01-14T19:16:36","date_gmt":"2018-01-14T16:16:36","guid":{"rendered":"http:\/\/test.ulpatek.com\/?page_id=2920"},"modified":"2024-08-02T10:24:11","modified_gmt":"2024-08-02T07:24:11","slug":"kumlama","status":"publish","type":"page","link":"https:\/\/www.ulpadust.com\/tr\/uygulamalar\/kumlama\/","title":{"rendered":"Kumlama"},"content":{"rendered":"<p>[vc_row][vc_column width=&#8221;3\/4&#8243;][vc_row_inner][vc_column_inner width=&#8221;1\/2&#8243;][vc_empty_space height=&#8221;20&#8243;][vc_column_text]Kumlama s\u0131ras\u0131nda a\u015f\u0131nd\u0131r\u0131c\u0131 malzemeler, i\u015flenmi\u015f malzemenin par\u00e7ac\u0131klar\u0131 ve di\u011fer kirleticiler havaya kar\u0131\u015fmakta olup \u00e7al\u0131\u015fma ortam\u0131ndan filtrelenmesi gerekir.<\/p>\n<p>Baz\u0131 uygulamalarda, malzemelerin patlay\u0131c\u0131 \/ yan\u0131c\u0131 olmas\u0131 durumunda ATEX mevzuat\u0131na uygun \u00f6zel \u00fcr\u00fcnler kullan\u0131lmal\u0131d\u0131r. Ulpadust, daha g\u00fcvenli ve daha sa\u011fl\u0131kl\u0131 ortamlar sa\u011flarken sizi temiz tutar. Ulpadust, toz toplama uygulamalar\u0131n\u0131z i\u00e7in ATEX sertifikal\u0131 \u00fcr\u00fcnler ve uyumlu sistemler sa\u011flayabilir.[\/vc_column_text][vc_empty_space height=&#8221;20&#8243;][\/vc_column_inner][vc_column_inner width=&#8221;1\/2&#8243;][vc_single_image image=&#8221;4300&#8243; img_size=&#8221;large&#8221; alignment=&#8221;center&#8221; css_animation=&#8221;right-to-left&#8221;][\/vc_column_inner][\/vc_row_inner][vc_separator][vc_empty_space height=&#8221;20&#8243;][vc_column_text][\/vc_column_text][vc_empty_space height=&#8221;20&#8243;][vc_empty_space height=&#8221;20&#8243;][vc_row_inner][vc_column_inner][vc_gallery type=&#8221;flexslider_slide&#8221; interval=&#8221;3&#8243; images=&#8221;4301,4302&#8243; img_size=&#8221;full&#8221;][\/vc_column_inner][\/vc_row_inner][vc_empty_space][vc_empty_space][vc_row_inner][vc_column_inner][vc_btn title=&#8221;\u0130LET\u0130\u015e\u0130M&#8221; style=&#8221;custom&#8221; custom_background=&#8221;#17306d&#8221; custom_text=&#8221;#ffffff&#8221; shape=&#8221;square&#8221; align=&#8221;left&#8221; css_animation=&#8221;left-to-right&#8221; link=&#8221;url:%2Ftr%2Filetisim%2F|||&#8221;][\/vc_column_inner][\/vc_row_inner][vc_empty_space height=&#8221;20&#8243;][\/vc_column][vc_column width=&#8221;1\/4&#8243;][vc_widget_sidebar sidebar_id=&#8221;page-sidebar&#8221;][\/vc_column][\/vc_row]<\/p>\n","protected":false},"excerpt":{"rendered":"<p>[vc_row][vc_column width=&#8221;3\/4&#8243;][vc_row_inner][vc_column_inner width=&#8221;1\/2&#8243;][vc_empty_space height=&#8221;20&#8243;][vc_column_text]Kumlama s\u0131ras\u0131nda a\u015f\u0131nd\u0131r\u0131c\u0131 malzemeler, i\u015flenmi\u015f malzemenin par\u00e7ac\u0131klar\u0131 ve di\u011fer kirleticiler havaya kar\u0131\u015fmakta olup \u00e7al\u0131\u015fma ortam\u0131ndan filtrelenmesi gerekir.&hellip;<\/p>\n","protected":false},"author":1,"featured_media":0,"parent":3304,"menu_order":0,"comment_status":"closed","ping_status":"closed","template":"","meta":{"footnotes":""},"class_list":["post-2920","page","type-page","status-publish","hentry","no-thumb"],"rttpg_featured_image_url":null,"rttpg_author":{"display_name":"nomads","author_link":"https:\/\/www.ulpadust.com\/tr\/author\/nomads\/"},"rttpg_comment":0,"rttpg_category":null,"rttpg_excerpt":"[vc_row][vc_column width=&#8221;3\/4&#8243;][vc_row_inner][vc_column_inner width=&#8221;1\/2&#8243;][vc_empty_space height=&#8221;20&#8243;][vc_column_text]Kumlama s\u0131ras\u0131nda a\u015f\u0131nd\u0131r\u0131c\u0131 malzemeler, i\u015flenmi\u015f malzemenin par\u00e7ac\u0131klar\u0131 ve di\u011fer kirleticiler havaya kar\u0131\u015fmakta olup \u00e7al\u0131\u015fma ortam\u0131ndan filtrelenmesi gerekir.&hellip;","_links":{"self":[{"href":"https:\/\/www.ulpadust.com\/tr\/wp-json\/wp\/v2\/pages\/2920"}],"collection":[{"href":"https:\/\/www.ulpadust.com\/tr\/wp-json\/wp\/v2\/pages"}],"about":[{"href":"https:\/\/www.ulpadust.com\/tr\/wp-json\/wp\/v2\/types\/page"}],"author":[{"embeddable":true,"href":"https:\/\/www.ulpadust.com\/tr\/wp-json\/wp\/v2\/users\/1"}],"replies":[{"embeddable":true,"href":"https:\/\/www.ulpadust.com\/tr\/wp-json\/wp\/v2\/comments?post=2920"}],"version-history":[{"count":20,"href":"https:\/\/www.ulpadust.com\/tr\/wp-json\/wp\/v2\/pages\/2920\/revisions"}],"predecessor-version":[{"id":5199,"href":"https:\/\/www.ulpadust.com\/tr\/wp-json\/wp\/v2\/pages\/2920\/revisions\/5199"}],"up":[{"embeddable":true,"href":"https:\/\/www.ulpadust.com\/tr\/wp-json\/wp\/v2\/pages\/3304"}],"wp:attachment":[{"href":"https:\/\/www.ulpadust.com\/tr\/wp-json\/wp\/v2\/media?parent=2920"}],"curies":[{"name":"wp","href":"https:\/\/api.w.org\/{rel}","templated":true}]}}