{"id":2922,"date":"2018-01-14T19:17:00","date_gmt":"2018-01-14T16:17:00","guid":{"rendered":"http:\/\/test.ulpatek.com\/?page_id=2922"},"modified":"2024-08-02T10:22:31","modified_gmt":"2024-08-02T07:22:31","slug":"gida","status":"publish","type":"page","link":"https:\/\/www.ulpadust.com\/tr\/uygulamalar\/gida\/","title":{"rendered":"G\u0131da"},"content":{"rendered":"<p>[vc_row][vc_column width=&#8221;3\/4&#8243;][vc_row_inner][vc_column_inner width=&#8221;1\/2&#8243;][vc_empty_space height=&#8221;20&#8243;][vc_column_text]<strong>G\u0131da ve Zirai Uygulamalar<\/strong><\/p>\n<p>Tozdaki patlama yo\u011funlu\u011fu, par\u00e7ac\u0131k b\u00fcy\u00fckl\u00fc\u011f\u00fc ile do\u011frudan ili\u015fkilidir. Daha k\u00fc\u00e7\u00fck par\u00e7ac\u0131k boyutu, daha b\u00fcy\u00fck derecede tehlike anlam\u0131na gelir. \u0130\u015fletme s\u00fcreci boyunca depolanan ve ta\u015f\u0131nan toz par\u00e7ac\u0131klar\u0131n\u0131n boyutu, s\u00fcr\u00fckleme ve s\u00fcrt\u00fcnme nedeniyle yava\u015f yava\u015f azal\u0131r.[\/vc_column_text][vc_empty_space height=&#8221;20&#8243;][\/vc_column_inner][vc_column_inner width=&#8221;1\/2&#8243;][vc_single_image image=&#8221;4295&#8243; img_size=&#8221;large&#8221; alignment=&#8221;center&#8221; css_animation=&#8221;right-to-left&#8221;][\/vc_column_inner][\/vc_row_inner][vc_empty_space height=&#8221;20&#8243;][vc_separator][vc_empty_space height=&#8221;20&#8243;][vc_row_inner][vc_column_inner width=&#8221;2\/3&#8243;][vc_column_text]2016 y\u0131l\u0131nda yap\u0131lan ara\u015ft\u0131rmaya g\u00f6re en fazla toz patlamas\u0131 %33 ile g\u0131da sekt\u00f6r\u00fcnde ger\u00e7ekle\u015fmektedir.<\/p>\n<p>G\u0131da end\u00fcstrisinde patlay\u0131c\u0131 tozlardan baz\u0131lar\u0131;<\/p>\n<ul>\n<li>\u015eeker<\/li>\n<li>Un<\/li>\n<li>Ni\u015fasta<\/li>\n<li>S\u00fct tozu<\/li>\n<li>Kakao<\/li>\n<li>Haz\u0131r kahve<\/li>\n<li>Baharatlar<\/li>\n<li>An\u0131nda \u00e7orba vb.<\/li>\n<\/ul>\n<p>[\/vc_column_text][\/vc_column_inner][vc_column_inner width=&#8221;1\/3&#8243;][vc_gallery type=&#8221;image_grid&#8221; images=&#8221;4298&#8243; img_size=&#8221;medium&#8221;][\/vc_column_inner][\/vc_row_inner][vc_empty_space height=&#8221;20&#8243;][vc_btn title=&#8221;G\u0131da Uygulama Katalogu&#8221; style=&#8221;custom&#8221; custom_background=&#8221;#ff5400&#8243; custom_text=&#8221;#ffffff&#8221; shape=&#8221;square&#8221; align=&#8221;left&#8221; css_animation=&#8221;fadeIn&#8221; link=&#8221;url:http%3A%2F%2Ftest.ulpadust.com%2Fwp-content%2Fuploads%2F2018%2F05%2Fg%C4%B1da-katalog.pdf|||&#8221;][vc_empty_space height=&#8221;20&#8243;][vc_row_inner][vc_column_inner][vc_btn title=&#8221;\u0130LET\u0130\u015e\u0130M&#8221; style=&#8221;custom&#8221; custom_background=&#8221;#17306d&#8221; custom_text=&#8221;#ffffff&#8221; shape=&#8221;square&#8221; align=&#8221;left&#8221; css_animation=&#8221;left-to-right&#8221; link=&#8221;url:%2Ftr%2Filetisim%2F|||&#8221;][\/vc_column_inner][\/vc_row_inner][vc_empty_space height=&#8221;20&#8243;][\/vc_column][vc_column width=&#8221;1\/4&#8243;][vc_widget_sidebar sidebar_id=&#8221;page-sidebar&#8221;][\/vc_column][\/vc_row]<\/p>\n","protected":false},"excerpt":{"rendered":"<p>[vc_row][vc_column width=&#8221;3\/4&#8243;][vc_row_inner][vc_column_inner width=&#8221;1\/2&#8243;][vc_empty_space height=&#8221;20&#8243;][vc_column_text]G\u0131da ve Zirai Uygulamalar Tozdaki patlama yo\u011funlu\u011fu, par\u00e7ac\u0131k b\u00fcy\u00fckl\u00fc\u011f\u00fc ile do\u011frudan ili\u015fkilidir. Daha k\u00fc\u00e7\u00fck par\u00e7ac\u0131k boyutu, daha&hellip;<\/p>\n","protected":false},"author":1,"featured_media":0,"parent":3304,"menu_order":0,"comment_status":"closed","ping_status":"closed","template":"","meta":{"footnotes":""},"class_list":["post-2922","page","type-page","status-publish","hentry","no-thumb"],"rttpg_featured_image_url":null,"rttpg_author":{"display_name":"nomads","author_link":"https:\/\/www.ulpadust.com\/tr\/author\/nomads\/"},"rttpg_comment":0,"rttpg_category":null,"rttpg_excerpt":"[vc_row][vc_column width=&#8221;3\/4&#8243;][vc_row_inner][vc_column_inner width=&#8221;1\/2&#8243;][vc_empty_space height=&#8221;20&#8243;][vc_column_text]G\u0131da ve Zirai Uygulamalar Tozdaki patlama yo\u011funlu\u011fu, par\u00e7ac\u0131k b\u00fcy\u00fckl\u00fc\u011f\u00fc ile do\u011frudan ili\u015fkilidir. Daha k\u00fc\u00e7\u00fck par\u00e7ac\u0131k boyutu, daha&hellip;","_links":{"self":[{"href":"https:\/\/www.ulpadust.com\/tr\/wp-json\/wp\/v2\/pages\/2922"}],"collection":[{"href":"https:\/\/www.ulpadust.com\/tr\/wp-json\/wp\/v2\/pages"}],"about":[{"href":"https:\/\/www.ulpadust.com\/tr\/wp-json\/wp\/v2\/types\/page"}],"author":[{"embeddable":true,"href":"https:\/\/www.ulpadust.com\/tr\/wp-json\/wp\/v2\/users\/1"}],"replies":[{"embeddable":true,"href":"https:\/\/www.ulpadust.com\/tr\/wp-json\/wp\/v2\/comments?post=2922"}],"version-history":[{"count":13,"href":"https:\/\/www.ulpadust.com\/tr\/wp-json\/wp\/v2\/pages\/2922\/revisions"}],"predecessor-version":[{"id":5197,"href":"https:\/\/www.ulpadust.com\/tr\/wp-json\/wp\/v2\/pages\/2922\/revisions\/5197"}],"up":[{"embeddable":true,"href":"https:\/\/www.ulpadust.com\/tr\/wp-json\/wp\/v2\/pages\/3304"}],"wp:attachment":[{"href":"https:\/\/www.ulpadust.com\/tr\/wp-json\/wp\/v2\/media?parent=2922"}],"curies":[{"name":"wp","href":"https:\/\/api.w.org\/{rel}","templated":true}]}}