{"id":3131,"date":"2018-01-16T22:48:16","date_gmt":"2018-01-16T19:48:16","guid":{"rendered":"http:\/\/test.ulpatek.com\/?page_id=3131"},"modified":"2024-08-01T08:27:39","modified_gmt":"2024-08-01T05:27:39","slug":"haberler","status":"publish","type":"page","link":"https:\/\/www.ulpadust.com\/tr\/haberler\/","title":{"rendered":"Haberler"},"content":{"rendered":"<p>[vc_row][vc_column][vc_column_text]<style type='text\/css' media='all'>#rt-tpg-container-4037270478 .rt-holder .rt-woo-info .price{color:#666666;}body .rt-tpg-container .rt-tpg-isotope-buttons .selected,\n\t\t\t\t\t#rt-tpg-container-4037270478 .layout12 .rt-holder:hover .rt-detail,\n\t\t\t\t\t#rt-tpg-container-4037270478 .isotope8 .rt-holder:hover .rt-detail,\n\t\t\t\t\t#rt-tpg-container-4037270478 .carousel8 .rt-holder:hover .rt-detail,\n\t\t\t\t\t#rt-tpg-container-4037270478 .layout13 .rt-holder .overlay .post-info,\n\t\t\t\t\t#rt-tpg-container-4037270478 .isotope9 .rt-holder .overlay .post-info,\n\t\t\t\t\t#rt-tpg-container-4037270478.rt-tpg-container .layout4 .rt-holder .rt-detail,\n\t\t\t\t\t.rt-modal-4037270478 .md-content,\n\t\t\t\t\t.rt-modal-4037270478 .md-content > .rt-md-content-holder .rt-md-content,\n\t\t\t\t\t.rt-popup-wrap-4037270478.rt-popup-wrap .rt-popup-navigation-wrap,\n\t\t\t\t\t#rt-tpg-container-4037270478 .carousel9 .rt-holder .overlay .post-info{background-color:#666666;}#rt-tpg-container-4037270478 .layout5 .rt-holder .overlay, #rt-tpg-container-4037270478 .isotope2 .rt-holder .overlay, #rt-tpg-container-4037270478 .carousel2 .rt-holder .overlay,#rt-tpg-container-4037270478 .layout15 .rt-holder h3, #rt-tpg-container-4037270478 .isotope11 .rt-holder h3, #rt-tpg-container-4037270478 .carousel11 .rt-holder h3, #rt-tpg-container-4037270478 .layout16 .rt-holder h3,\n\t\t\t\t\t#rt-tpg-container-4037270478 .isotope12 .rt-holder h3, #rt-tpg-container-4037270478 .carousel12 .rt-holder h3 {background-color:rgba(102,102,102,0.8);}#rt-tpg-container-4037270478 .pagination-list li a,\n\t\t\t\t\trt-tpg-container-4037270478 .pagination-list li span,\n\t\t\t\t\trt-tpg-container-4037270478 .pagination li a,\n\t\t\t\t\t#rt-tpg-container-4037270478 .rt-tpg-isotope-buttons button,\n\t\t\t\t\t#rt-tpg-container-4037270478 .rt-tpg-utility .rt-tpg-load-more button,\n\t\t\t\t\t#rt-tpg-container-4037270478.rt-tpg-container .swiper-navigation .slider-btn,\n\t\t\t\t\t#rt-tpg-container-4037270478.rt-tpg-container .swiper-pagination-bullet,\n\t\t\t\t\t#rt-tpg-container-4037270478 .wc1 .rt-holder .rt-img-holder .overlay .product-more ul li a,\n\t\t\t\t\t#rt-tpg-container-4037270478 .wc2 .rt-detail .rt-wc-add-to-cart,\n\t\t\t\t\t#rt-tpg-container-4037270478 .wc3 .rt-detail .rt-wc-add-to-cart,\n\t\t\t\t\t#rt-tpg-container-4037270478 .wc4 .rt-detail .rt-wc-add-to-cart,\n\t\t\t\t\t#rt-tpg-container-4037270478 .wc-carousel2 .rt-detail .rt-wc-add-to-cart,\n\t\t\t\t\t#rt-tpg-container-4037270478 .wc-isotope2 .rt-detail .rt-wc-add-to-cart,\n\t\t\t\t\t#rt-tpg-container-4037270478 .rt-layout-filter-container .rt-filter-wrap .rt-filter-item-wrap.rt-filter-dropdown-wrap .rt-filter-dropdown,\n\t\t\t\t\t#rt-tpg-container-4037270478 .rt-layout-filter-container .rt-filter-sub-tax.sub-button-group .rt-filter-button-item,\n\t\t\t\t\t#rt-tpg-container-4037270478.rt-tpg-container .rt-pagination-wrap .rt-page-numbers .paginationjs .paginationjs-pages ul li>a,\n\t\t\t\t\t#rt-tpg-container-4037270478 .rt-filter-item-wrap.rt-filter-button-wrap span.rt-filter-button-item,\n\t\t\t\t\t#rt-tpg-container-4037270478.rt-tpg-container .rt-pagination-wrap  .rt-loadmore-btn,\n\t\t\t\t\t#rt-tpg-container-4037270478.rt-tpg-container .rt-pagination-wrap .rt-cb-page-prev-next > *,\n\t\t\t\t\t#rt-tpg-container-4037270478 .rt-read-more,\n\t\t\t\t\t#rt-tooltip-4037270478, #rt-tooltip-4037270478 .rt-tooltip-bottom:after{background-color:#ffffff;}#rt-tpg-container-4037270478 .rt-filter-item-wrap.rt-filter-button-wrap span.rt-filter-button-item,\n\t\t\t\t\t#rt-tpg-container-4037270478 .rt-layout-filter-container .rt-filter-sub-tax.sub-button-group .rt-filter-button-item{border-color:#ffffff;}#rt-tpg-container-4037270478.rt-tpg-container .layout17 .rt-holder .overlay a.tpg-zoom .fa{color:#ffffff;}#rt-tpg-container-4037270478 .rt-holder .read-more a {background-color:#ffffff;padding: 8px 15px;}#rt-tpg-container-4037270478 .pagination li.active span,\n\t\t\t\t\t#rt-tpg-container-4037270478 .pagination-list li.active span,\n\t\t\t\t\t#rt-tpg-container-4037270478 .rt-tpg-isotope-buttons button.selected,\n\t\t\t\t\t#rt-tpg-container-4037270478 .rt-filter-item-wrap.rt-filter-button-wrap span.rt-filter-button-item.selected,\n\t\t\t\t\t#rt-tpg-container-4037270478 .rt-layout-filter-container .rt-filter-sub-tax.sub-button-group .rt-filter-button-item.selected,\n\t\t\t\t\t#rt-tpg-container-4037270478.rt-tpg-container .rt-pagination-wrap .rt-page-numbers .paginationjs .paginationjs-pages ul li.active>a,\n\t\t\t\t\t#rt-tpg-container-4037270478.rt-tpg-container .swiper-pagination-bullet.swiper-pagination-bullet-active-main{background-color:#444444;}#rt-tpg-container-4037270478 .rt-filter-item-wrap.rt-filter-button-wrap span.rt-filter-button-item.selected,\n\t\t\t\t\t#rt-tpg-container-4037270478 .rt-layout-filter-container .rt-filter-sub-tax.sub-button-group .rt-filter-button-item.selected,\n\t\t\t\t\t#rt-tpg-container-4037270478.rt-tpg-container .rt-pagination-wrap .rt-page-numbers .paginationjs .paginationjs-pages ul li.active>a{border-color:#444444;}#rt-tpg-container-4037270478 .pagination-list li a:hover,\n\t\t\t\t\t#rt-tpg-container-4037270478 .pagination li a:hover,\n\t\t\t\t\t#rt-tpg-container-4037270478 .rt-tpg-isotope-buttons button:hover,\n\t\t\t\t\t#rt-tpg-container-4037270478 .rt-holder .read-more a:hover,\n\t\t\t\t\t#rt-tpg-container-4037270478 .rt-tpg-utility .rt-tpg-load-more button:hover,\n\t\t\t\t\t#rt-tpg-container-4037270478.rt-tpg-container .swiper-pagination-bullet:hover,\n\t\t\t\t\t#rt-tpg-container-4037270478.rt-tpg-container .swiper-navigation .slider-btn:hover,\n\t\t\t\t\t#rt-tpg-container-4037270478 .wc1 .rt-holder .rt-img-holder .overlay .product-more ul li a:hover,\n\t\t\t\t\t#rt-tpg-container-4037270478 .wc2 .rt-detail .rt-wc-add-to-cart:hover,\n\t\t\t\t\t#rt-tpg-container-4037270478 .wc3 .rt-detail .rt-wc-add-to-cart:hover,\n\t\t\t\t\t#rt-tpg-container-4037270478 .wc4 .rt-detail .rt-wc-add-to-cart:hover,\n\t\t\t\t\t#rt-tpg-container-4037270478 .wc-carousel2 .rt-detail .rt-wc-add-to-cart:hover,\n\t\t\t\t\t#rt-tpg-container-4037270478 .wc-isotope2 .rt-detail .rt-wc-add-to-cart:hover,\n\t\t\t\t\t#rt-tpg-container-4037270478 .rt-layout-filter-container .rt-filter-wrap .rt-filter-item-wrap.rt-filter-dropdown-wrap .rt-filter-dropdown .rt-filter-dropdown-item:hover,\n\t\t\t\t\t#rt-tpg-container-4037270478 .rt-layout-filter-container .rt-filter-wrap .rt-filter-item-wrap.rt-filter-dropdown-wrap .rt-filter-dropdown .rt-filter-dropdown-item.selected,\n\t\t\t\t\t#rt-tpg-container-4037270478 .rt-filter-item-wrap.rt-filter-button-wrap span.rt-filter-button-item:hover,\n\t\t\t\t\t#rt-tpg-container-4037270478 .rt-layout-filter-container .rt-filter-sub-tax.sub-button-group .rt-filter-button-item:hover,\n\t\t\t\t\t#rt-tpg-container-4037270478.rt-tpg-container .rt-pagination-wrap .rt-page-numbers .paginationjs .paginationjs-pages ul li>a:hover,\n\t\t\t\t\t#rt-tpg-container-4037270478.rt-tpg-container .rt-pagination-wrap .rt-cb-page-prev-next > *:hover,\n\t\t\t\t\t#rt-tpg-container-4037270478.rt-tpg-container .rt-pagination-wrap  .rt-loadmore-btn:hover,\n\t\t\t\t\t#rt-tpg-container-4037270478 .rt-read-more:hover,\n\t\t\t\t\t#rt-tpg-container-4037270478 .rt-tpg-utility .rt-tpg-load-more button:hover{background-color:#444444;}#rt-tpg-container-4037270478 .rt-filter-item-wrap.rt-filter-button-wrap span.rt-filter-button-item:hover,\n\t\t\t\t\t\t#rt-tpg-container-4037270478 .rt-layout-filter-container .rt-filter-sub-tax.sub-button-group .rt-filter-button-item:hover,\n\t\t\t\t\t\t#rt-tpg-container-4037270478.rt-tpg-container .swiper-navigation .slider-btn:hover,\n\t\t\t\t\t\t#rt-tpg-container-4037270478.rt-tpg-container .rt-pagination-wrap .rt-page-numbers .paginationjs .paginationjs-pages ul li>a:hover{border-color:#444444;}#rt-tpg-container-4037270478.rt-tpg-container .layout17 .rt-holder .overlay a.tpg-zoom:hover .fa{color:#444444;}#rt-tpg-container-4037270478 .pagination-list li a,\n\t\t\t\t\t#rt-tpg-container-4037270478 .pagination li a,\n\t\t\t\t\t#rt-tpg-container-4037270478 .rt-tpg-isotope-buttons button,\n\t\t\t\t\t#rt-tpg-container-4037270478 .rt-holder .read-more a,\n\t\t\t\t\t#rt-tpg-container-4037270478 .rt-tpg-utility .rt-tpg-load-more button,\n\t\t\t\t\t#rt-tpg-container-4037270478.rt-tpg-container .swiper-navigation .slider-btn,\n\t\t\t\t\t#rt-tpg-container-4037270478 .wc1 .rt-holder .rt-img-holder .overlay .product-more ul li a,\n\t\t\t\t\t#rt-tpg-container-4037270478 .edd1 .rt-holder .rt-img-holder .overlay .product-more ul li a,\n\t\t\t\t\t#rt-tpg-container-4037270478 .wc2 .rt-detail .rt-wc-add-to-cart,\n\t\t\t\t\t#rt-tpg-container-4037270478 .wc3 .rt-detail .rt-wc-add-to-cart,\n\t\t\t\t\t#rt-tpg-container-4037270478 .edd2 .rt-detail .rt-wc-add-to-cart,\n\t\t\t\t\t#rt-tpg-container-4037270478 .wc4 .rt-detail .rt-wc-add-to-cart,\n\t\t\t\t\t#rt-tpg-container-4037270478 .edd3 .rt-detail .rt-wc-add-to-cart,\n\t\t\t\t\t#rt-tpg-container-4037270478 .wc-carousel2 .rt-detail .rt-wc-add-to-cart,\n\t\t\t\t\t#rt-tpg-container-4037270478 .wc-isotope2 .rt-detail .rt-wc-add-to-cart,\n\t\t\t\t\t#rt-tpg-container-4037270478 .rt-tpg-utility .rt-tpg-load-more button,\n\t\t\t\t\t#rt-tooltip-4037270478,\n\t\t\t\t\t#rt-tpg-container-4037270478 .rt-filter-item-wrap.rt-filter-button-wrap span.rt-filter-button-item,\n\t\t\t\t\t#rt-tpg-container-4037270478 .rt-layout-filter-container .rt-filter-sub-tax.sub-button-group .rt-filter-button-item,\n\t\t\t\t\t#rt-tpg-container-4037270478 .rt-layout-filter-container .rt-filter-wrap .rt-filter-item-wrap.rt-sort-order-action,\n\t\t\t\t\t#rt-tpg-container-4037270478 .rt-layout-filter-container .rt-filter-wrap .rt-filter-item-wrap.rt-filter-dropdown-wrap .rt-filter-dropdown .rt-filter-dropdown-item,\n\t\t\t\t\t#rt-tpg-container-4037270478.rt-tpg-container .rt-pagination-wrap .rt-page-numbers .paginationjs .paginationjs-pages ul li>a,\n\t\t\t\t\t#rt-tpg-container-4037270478.rt-tpg-container .rt-pagination-wrap .rt-cb-page-prev-next > *,\n\t\t\t\t\t#rt-tpg-container-4037270478.rt-tpg-container .rt-pagination-wrap  .rt-loadmore-btn,\n\t\t\t\t\t#rt-tpg-container-4037270478 .rt-read-more,\n\t\t\t\t\t#rt-tooltip-4037270478 .rt-tooltip-bottom:after{color:#bfbfbf;}#rt-tpg-container-4037270478 .rt-filter-item-wrap.rt-filter-button-wrap span.rt-filter-button-item:hover,\n\t\t\t\t\t#rt-tpg-container-4037270478 .rt-holder .read-more a:hover,\n\t\t\t\t\t#rt-tpg-container-4037270478.rt-tpg-container .swiper-navigation .slider-btn:hover,\n\t\t\t\t\t#rt-tpg-container-4037270478 .rt-layout-filter-container .rt-filter-sub-tax.sub-button-group .rt-filter-button-item:hover,\n\t\t\t\t\t#rt-tpg-container-4037270478 .rt-layout-filter-container .rt-filter-wrap .rt-filter-item-wrap.rt-filter-dropdown-wrap .rt-filter-dropdown .rt-filter-dropdown-item:hover,\n\t\t\t\t\t#rt-tpg-container-4037270478 .rt-layout-filter-container .rt-filter-wrap .rt-filter-item-wrap.rt-filter-dropdown-wrap .rt-filter-dropdown .rt-filter-dropdown-item.selected,\n\t\t\t\t\t#rt-tpg-container-4037270478 .rt-layout-filter-container .rt-filter-wrap .rt-filter-item-wrap.rt-sort-order-action:hover,\n\t\t\t\t\t#rt-tpg-container-4037270478.rt-tpg-container .rt-pagination-wrap .rt-page-numbers .paginationjs .paginationjs-pages ul li.active>a:hover,\n\t\t\t\t\t#rt-tpg-container-4037270478 .rt-filter-item-wrap.rt-filter-button-wrap span.rt-filter-button-item.selected,\n\t\t\t\t\t#rt-tpg-container-4037270478 .rt-layout-filter-container .rt-filter-wrap .rt-filter-item-wrap.rt-sort-order-action,\n\t\t\t\t\t#rt-tpg-container-4037270478.rt-tpg-container .rt-pagination-wrap  .rt-loadmore-btn:hover,\n\t\t\t\t\t#rt-tpg-container-4037270478 .rt-read-more:hover,\n\t\t\t\t\t#rt-tpg-container-4037270478.rt-tpg-container .rt-pagination-wrap .rt-page-numbers .paginationjs .paginationjs-pages ul li.active>a{color:#ffffff;}#rt-tpg-container-4037270478 .read-more a{border-radius:px;}#rt-tpg-container-4037270478 .tpg-widget-heading-wrapper.heading-style1 .tpg-widget-heading-line, #rt-tpg-container-4037270478 .tpg-widget-heading-wrapper.heading-style2, #rt-tpg-container-4037270478 .tpg-widget-heading-wrapper.heading-style3  {border-color:#666666;}#rt-tpg-container-4037270478 .rt-img-holder img.rt-img-responsive,#rt-tpg-container-4037270478 .rt-img-holder,\n\t\t\t\t\t#rt-tpg-container-4037270478 .rt-post-overlay .post-img,\n\t\t\t\t\t#rt-tpg-container-4037270478 .post-sm .post-img,\n\t\t\t\t\t#rt-tpg-container-4037270478 .rt-post-grid .post-img,\n\t\t\t\t\t#rt-tpg-container-4037270478 .post-img img {border-radius:px;}<\/style><div class='rt-container-fluid rt-tpg-container tpg-shortcode-main-wrapper ' id='rt-tpg-container-4037270478'   data-layout='layout1' data-grid-style='even' data-desktop-col='3'  data-tab-col='2'  data-mobile-col='1' data-sc-id='5161'><div class=\"tpg-widget-heading-wrapper heading-style1 \"><span class=\"tpg-widget-heading-line line-left\"><\/span><h2 class=\"tpg-widget-heading\"><\/h2><span class=\"tpg-widget-heading-line\"><\/span><\/div><div data-title='Loading ...' class='rt-row rt-content-loader   layout1 tpg-even '><div class=\"rt-col-md-4 rt-col-sm-6 rt-col-xs-12 even-grid-item rt-grid-item\" data-id=\"5236\"><div class=\"rt-holder\"><div class=\"rt-img-holder\"><a data-id=\"5236\" class=\"\" href=\"https:\/\/www.ulpadust.com\/tr\/yeni-ulpadust-katalogu\/\"><img loading=\"lazy\" decoding=\"async\" width=\"386\" height=\"610\" src=\"https:\/\/www.ulpadust.com\/wp-content\/uploads\/2020\/12\/Toz-Toplama-2-1.jpg\" class=\"rt-img-responsive \" alt=\"Topz Toplama\" \/><\/a><\/div><div class='rt-detail'><h3 class=\"entry-title\"><a data-id=\"5236\" class=\"\" href=\"https:\/\/www.ulpadust.com\/tr\/yeni-ulpadust-katalogu\/\">Yeni ULPADUST Katalo\u011fu!<\/a><\/h3><div class='post-meta-user  '><span class='date'><i class='far fa-calendar-alt '><\/i>24 Aral\u0131k 2020<\/span><\/div><div class='tpg-excerpt'>Yeni katalo\u011fumuzu a\u015fa\u011f\u0131dan inceleyebilirsiniz; \u00a0 Catalouge...<\/div><div class='post-meta '><span class='read-more'><a data-id='5236' class='' href='https:\/\/www.ulpadust.com\/tr\/yeni-ulpadust-katalogu\/'>Read More<\/a><\/span><\/div><\/div><\/div><\/div><div class=\"rt-col-md-4 rt-col-sm-6 rt-col-xs-12 even-grid-item rt-grid-item\" data-id=\"3759\"><div class=\"rt-holder\"><div class=\"rt-img-holder\"><a data-id=\"3759\" class=\"\" href=\"https:\/\/www.ulpadust.com\/tr\/ulpatek-filtre-satis-muduru-ganim-dokuyucu-daily-show-gazetesinin-sorularini-yanitladi\/\"><img loading=\"lazy\" decoding=\"async\" width=\"2560\" height=\"1707\" src=\"https:\/\/www.ulpadust.com\/wp-content\/uploads\/2024\/08\/ERDA9973-scaled.jpg\" class=\"rt-img-responsive \" alt=\"\" \/><\/a><\/div><div class='rt-detail'><h3 class=\"entry-title\"><a data-id=\"3759\" class=\"\" href=\"https:\/\/www.ulpadust.com\/tr\/ulpatek-filtre-satis-muduru-ganim-dokuyucu-daily-show-gazetesinin-sorularini-yanitladi\/\">Ulpatek Filtre Sat\u0131\u015f M\u00fcd\u00fcr\u00fc Ganim Dokuyucu Daily Show gazetesinin sorular\u0131n\u0131 yan\u0131tlad\u0131&#8230;<\/a><\/h3><div class='post-meta-user  '><span class='date'><i class='far fa-calendar-alt '><\/i>27 Ekim 2014<\/span><\/div><div class='tpg-excerpt'>Firman\u0131z hakk\u0131nda bilgi verir misiniz? Ulpatek\u2019ten once Tetisan Endustriyel firmas\u0131na k\u0131saca de\u011finmek gerekiyor. 1978 y\u0131l\u0131nda...<\/div><div class='post-meta '><span class='read-more'><a data-id='3759' class='' href='https:\/\/www.ulpadust.com\/tr\/ulpatek-filtre-satis-muduru-ganim-dokuyucu-daily-show-gazetesinin-sorularini-yanitladi\/'>Read More<\/a><\/span><\/div><\/div><\/div><\/div><div class=\"rt-col-md-4 rt-col-sm-6 rt-col-xs-12 even-grid-item rt-grid-item\" data-id=\"4019\"><div class=\"rt-holder\"><div class=\"rt-img-holder\"><a data-id=\"4019\" class=\"\" href=\"https:\/\/www.ulpadust.com\/tr\/ulpadust-toz-toplama-sistemlerinde-yerli-cozum-olmaya-kararli\/\"><img loading=\"lazy\" decoding=\"async\" width=\"460\" height=\"290\" src=\"https:\/\/www.ulpadust.com\/wp-content\/uploads\/2018\/03\/k_ulpadust-toz-toplama-sistemle290x460.jpg\" class=\"rt-img-responsive \" alt=\"\" \/><\/a><\/div><div class='rt-detail'><h3 class=\"entry-title\"><a data-id=\"4019\" class=\"\" href=\"https:\/\/www.ulpadust.com\/tr\/ulpadust-toz-toplama-sistemlerinde-yerli-cozum-olmaya-kararli\/\">Ulpadust, Toz Toplama Sistemlerinde yerli \u00e7\u00f6z\u00fcm olmaya kararl\u0131!<\/a><\/h3><div class='post-meta-user  '><span class='date'><i class='far fa-calendar-alt '><\/i>28 Mart 2018<\/span><\/div><div class='tpg-excerpt'>ULPATEK Filtre'nin bir markas\u0131 olan ULPADUST Toz Toplama Sistemleri, 2015 y\u0131l\u0131 \u015eubat ay\u0131nda end\u00fcstriyel toz...<\/div><div class='post-meta '><span class='read-more'><a data-id='4019' class='' href='https:\/\/www.ulpadust.com\/tr\/ulpadust-toz-toplama-sistemlerinde-yerli-cozum-olmaya-kararli\/'>Read More<\/a><\/span><\/div><\/div><\/div><\/div><div class=\"rt-col-md-4 rt-col-sm-6 rt-col-xs-12 even-grid-item rt-grid-item\" data-id=\"3702\"><div class=\"rt-holder\"><div class=\"rt-img-holder\"><a data-id=\"3702\" class=\"\" href=\"https:\/\/www.ulpadust.com\/tr\/ttmd-hijyenik-alanlarda-partikul-filtrasyonu-semineri\/\"><img loading=\"lazy\" decoding=\"async\" width=\"2560\" height=\"1440\" src=\"https:\/\/www.ulpadust.com\/wp-content\/uploads\/2016\/02\/20161209_145309-scaled.jpg\" class=\"rt-img-responsive \" alt=\"\" \/><\/a><\/div><div class='rt-detail'><h3 class=\"entry-title\"><a data-id=\"3702\" class=\"\" href=\"https:\/\/www.ulpadust.com\/tr\/ttmd-hijyenik-alanlarda-partikul-filtrasyonu-semineri\/\">TTMD, \u201cHijyenik Alanlarda Partik\u00fcl Filtrasyonu\u201d Semineri<\/a><\/h3><div class='post-meta-user  '><span class='date'><i class='far fa-calendar-alt '><\/i>27 \u015eubat 2016<\/span><\/div><div class='tpg-excerpt'>T\u00fcrk Tesisat M\u00fchendisleri Derne\u011fi Kocaeli Temsilcili\u011fi taraf\u0131ndan d\u00fczenlenen \u201cHijyenik Alanlarda Partik\u00fcl Filtrasyonu\u201d Semineri 9 Aral\u0131k...<\/div><div class='post-meta '><span class='read-more'><a data-id='3702' class='' href='https:\/\/www.ulpadust.com\/tr\/ttmd-hijyenik-alanlarda-partikul-filtrasyonu-semineri\/'>Read More<\/a><\/span><\/div><\/div><\/div><\/div><div class=\"rt-col-md-4 rt-col-sm-6 rt-col-xs-12 even-grid-item rt-grid-item\" data-id=\"5270\"><div class=\"rt-holder\"><div class=\"rt-img-holder\"><a data-id=\"5270\" class=\"\" href=\"https:\/\/www.ulpadust.com\/tr\/360-showroom-turumuzu-ziyaret-edin\/\"><img loading=\"lazy\" decoding=\"async\" width=\"2000\" height=\"2000\" src=\"https:\/\/www.ulpadust.com\/wp-content\/uploads\/2024\/12\/360_icon.png\" class=\"rt-img-responsive \" alt=\"\" \/><\/a><\/div><div class='rt-detail'><h3 class=\"entry-title\"><a data-id=\"5270\" class=\"\" href=\"https:\/\/www.ulpadust.com\/tr\/360-showroom-turumuzu-ziyaret-edin\/\">360 Showroom Turumuzu Ziyaret Edin!<\/a><\/h3><div class='post-meta-user  '><span class='date'><i class='far fa-calendar-alt '><\/i>10 Aral\u0131k 2024<\/span><\/div><div class='tpg-excerpt'>Sizi fabrikam\u0131zda a\u011f\u0131rlamaktan her zaman mutluluk duyar\u0131z. Ancak zaman\u0131n\u0131z k\u0131s\u0131tl\u0131ysa, showroom'umuzu online olarak ke\u015ffetmeye davetlisiniz!...<\/div><div class='post-meta '><span class='read-more'><a data-id='5270' class='' href='https:\/\/www.ulpadust.com\/tr\/360-showroom-turumuzu-ziyaret-edin\/'>Read More<\/a><\/span><\/div><\/div><\/div><\/div><\/div><\/div>[\/vc_column_text][\/vc_column][\/vc_row]<\/p>\n","protected":false},"excerpt":{"rendered":"<p>[vc_row][vc_column][vc_column_text][\/vc_column_text][\/vc_column][\/vc_row]<\/p>\n","protected":false},"author":1,"featured_media":0,"parent":0,"menu_order":0,"comment_status":"closed","ping_status":"closed","template":"","meta":{"footnotes":""},"class_list":["post-3131","page","type-page","status-publish","hentry",""],"rttpg_featured_image_url":null,"rttpg_author":{"display_name":"nomads","author_link":"https:\/\/www.ulpadust.com\/tr\/author\/nomads\/"},"rttpg_comment":0,"rttpg_category":"","rttpg_excerpt":"[vc_row][vc_column][vc_column_text][\/vc_column_text][\/vc_column][\/vc_row]","_links":{"self":[{"href":"https:\/\/www.ulpadust.com\/tr\/wp-json\/wp\/v2\/pages\/3131"}],"collection":[{"href":"https:\/\/www.ulpadust.com\/tr\/wp-json\/wp\/v2\/pages"}],"about":[{"href":"https:\/\/www.ulpadust.com\/tr\/wp-json\/wp\/v2\/types\/page"}],"author":[{"embeddable":true,"href":"https:\/\/www.ulpadust.com\/tr\/wp-json\/wp\/v2\/users\/1"}],"replies":[{"embeddable":true,"href":"https:\/\/www.ulpadust.com\/tr\/wp-json\/wp\/v2\/comments?post=3131"}],"version-history":[{"count":12,"href":"https:\/\/www.ulpadust.com\/tr\/wp-json\/wp\/v2\/pages\/3131\/revisions"}],"predecessor-version":[{"id":5163,"href":"https:\/\/www.ulpadust.com\/tr\/wp-json\/wp\/v2\/pages\/3131\/revisions\/5163"}],"wp:attachment":[{"href":"https:\/\/www.ulpadust.com\/tr\/wp-json\/wp\/v2\/media?parent=3131"}],"curies":[{"name":"wp","href":"https:\/\/api.w.org\/{rel}","templated":true}]}}