{"id":3172,"date":"2018-01-17T11:15:09","date_gmt":"2018-01-17T08:15:09","guid":{"rendered":"http:\/\/test.ulpatek.com\/filtre-teknolojisi\/soludugumuz-hava\/"},"modified":"2018-01-29T12:14:05","modified_gmt":"2018-01-29T09:14:05","slug":"soludugumuz-hava","status":"publish","type":"page","link":"https:\/\/www.ulpadust.com\/tr\/filtre-teknolojisi\/soludugumuz-hava\/","title":{"rendered":"Soludu\u011fumuz Hava"},"content":{"rendered":"<p>[vc_row][vc_column][vc_empty_space height=&#8221;20&#8243;][\/vc_column][\/vc_row][vc_row][vc_column width=&#8221;3\/4&#8243;][vc_column_text css=&#8221;.vc_custom_1516184612121{padding-bottom: 30px !important;}&#8221;]<\/p>\n<h2 style=\"font-size: 30px; font-weight: 600; color: #222; font-family: 'Open Sans', sans-serif; margin-top: 0; margin-bottom: 10px;\"><span style=\"color: #17306d;\">Soludu\u011fumuz Hava<\/span><\/h2>\n<p>[\/vc_column_text][vc_row_inner][vc_column_inner width=&#8221;1\/2&#8243;][vc_column_text css=&#8221;.vc_custom_1516185456886{padding-bottom: 30px !important;}&#8221;]Hava, %21\u2019i Oksijen, %78\u2019i Azot, %1\u2019i Argon ve \u00e7ok az miktarda di\u011fer gazlardan olu\u015fan bir gaz kar\u0131\u015f\u0131m\u0131d\u0131r. \u015eekilde g\u00f6r\u00fcld\u00fc\u011f\u00fc \u00fczere, soludu\u011fumuz hava; do\u011fa, insanlar ve end\u00fcstriyel prosesler sonucu olu\u015fan madde taneciklerini ve gazlar\u0131 da i\u00e7ermektedir. Bunlar i\u00e7erisinden dikkat etmemiz gereken tanecik ve gazlar; sa\u011fl\u0131\u011f\u0131m\u0131za, konforumuza, ya\u015fad\u0131\u011f\u0131m\u0131z alanlara ve \u00fcretti\u011fimiz \u00fcr\u00fcnlere zarar verenleridir.[\/vc_column_text][\/vc_column_inner][vc_column_inner width=&#8221;1\/2&#8243;][vc_single_image image=&#8221;3217&#8243; img_size=&#8221;full&#8221; onclick=&#8221;link_image&#8221;][\/vc_column_inner][\/vc_row_inner][vc_empty_space][vc_column_text]a) \u00c7e\u015fitli gazlar, su buhar\u0131, karbon dioksit, metan, karbon monoksit, ozon, amonyak, azot oksitler ve hidrojen s\u00fclf\u00fcr.<br \/>\nb) Az miktarda argon, neon, helyum, kripton, hidrojen ve ksenon.<br \/>\nc) Atmosferik kirlilikler, volkanik k\u00fcl, deniz tuzu, tozlar, kum, polen, k\u00fcf ve bakteriyel sporlar. 21% Oksijen 78% Azot<\/p>\n<p>Kayna\u011f\u0131ndan ba\u011f\u0131ms\u0131z olarak, havada bulunan kirleticiler; gaz veya taneciklerden olu\u015fabilir.[\/vc_column_text][vc_empty_space height=&#8221;20&#8243;][vc_row_inner][vc_column_inner width=&#8221;1\/3&#8243;][vc_empty_space height=&#8221;20&#8243;][vc_single_image image=&#8221;3218&#8243; img_size=&#8221;full&#8221; onclick=&#8221;link_image&#8221;][\/vc_column_inner][vc_column_inner width=&#8221;2\/3&#8243;][vc_column_text css=&#8221;.vc_custom_1516185898118{padding-bottom: 10px !important;}&#8221;]<\/p>\n<h4>Tanecikler<\/h4>\n<p>[\/vc_column_text][vc_column_text]Tanecikler, havada as\u0131l\u0131 kat\u0131 ve s\u0131v\u0131 par\u00e7ac\u0131klard\u0131r.<br \/>\n\u0130li\u015fikteki \u015fekil taneciklerin boyutlar\u0131n\u0131 bir insan\u0131n sa\u00e7 teli ve di\u011fer cisimlerin boyutlar\u0131 ile kar\u015f\u0131la\u015ft\u0131rarak, g\u00f6z\u00fcm\u00fczde canland\u0131rmam\u0131za yard\u0131mc\u0131 olmaktad\u0131r.<br \/>\n*1 Mikron = yakla\u015f\u0131k 1\/25400 in.<br \/>\n25 mikron = \u00c7\u0131plak g\u00f6zle g\u00f6r\u00fclebilen par\u00e7ac\u0131klar<br \/>\n10 mikron = A\u011f\u0131r atmosferik tozlar,u\u00e7an k\u00fcller<br \/>\n5-10 mikron = K\u00fcf, polen, ortalama atmosferik tozlar<br \/>\n1-5 mikron = Bakteri , Hafif atmosferik tozlar<br \/>\n3-1 mikron = Sigara duman\u0131 ,Bakteriler, Metalik buharlar[\/vc_column_text][\/vc_column_inner][\/vc_row_inner][vc_empty_space height=&#8221;20&#8243;][vc_row_inner][vc_column_inner width=&#8221;1\/3&#8243;][vc_column_text css=&#8221;.vc_custom_1516185997830{padding-bottom: 10px !important;}&#8221;]<\/p>\n<h4>Tanecik Kirlenmesinin \u00d6l\u00e7\u00fclmesi<\/h4>\n<p>[\/vc_column_text][vc_column_text]Havada bulunan de\u011fi\u015fik boyuttaki tanecik miktar\u0131 taneciklerin k\u00fctlesi veya say\u0131s\u0131na g\u00f6re \u00f6l\u00e7\u00fcl\u00fcr. Ayr\u0131ca taneciklerin beyaz bir zemin \u00fczerinde b\u0131rakt\u0131klar\u0131 lekenin optik olarak kar\u015f\u0131la\u015ft\u0131r\u0131lmas\u0131 dikkate al\u0131narak yap\u0131lan \u00fc\u00e7\u00fcnc\u00fc bir metod\u00a0\u00a0\u00a0\u00a0 daha bulunmaktad\u0131r. Bu \u00fc\u00e7 metod baz al\u0131narak filtreler test edilir.[\/vc_column_text][\/vc_column_inner][vc_column_inner width=&#8221;2\/3&#8243;][vc_single_image image=&#8221;3219&#8243; img_size=&#8221;full&#8221; onclick=&#8221;link_image&#8221; css=&#8221;.vc_custom_1516186262554{padding-top: 20px !important;}&#8221;][\/vc_column_inner][\/vc_row_inner][\/vc_column][vc_column width=&#8221;1\/4&#8243;][vc_widget_sidebar sidebar_id=&#8221;project-sidebar&#8221;][\/vc_column][\/vc_row]<\/p>\n","protected":false},"excerpt":{"rendered":"<p>[vc_row][vc_column][vc_empty_space height=&#8221;20&#8243;][\/vc_column][\/vc_row][vc_row][vc_column width=&#8221;3\/4&#8243;][vc_column_text css=&#8221;.vc_custom_1516184612121{padding-bottom: 30px !important;}&#8221;] Soludu\u011fumuz Hava [\/vc_column_text][vc_row_inner][vc_column_inner width=&#8221;1\/2&#8243;][vc_column_text css=&#8221;.vc_custom_1516185456886{padding-bottom: 30px !important;}&#8221;]Hava, %21\u2019i Oksijen, %78\u2019i Azot, %1\u2019i Argon ve&hellip;<\/p>\n","protected":false},"author":1,"featured_media":0,"parent":2852,"menu_order":6,"comment_status":"closed","ping_status":"closed","template":"","meta":{"footnotes":""},"class_list":["post-3172","page","type-page","status-publish","hentry","no-thumb"],"rttpg_featured_image_url":null,"rttpg_author":{"display_name":"nomads","author_link":"https:\/\/www.ulpadust.com\/tr\/author\/nomads\/"},"rttpg_comment":0,"rttpg_category":null,"rttpg_excerpt":"[vc_row][vc_column][vc_empty_space height=&#8221;20&#8243;][\/vc_column][\/vc_row][vc_row][vc_column width=&#8221;3\/4&#8243;][vc_column_text css=&#8221;.vc_custom_1516184612121{padding-bottom: 30px !important;}&#8221;] Soludu\u011fumuz Hava [\/vc_column_text][vc_row_inner][vc_column_inner width=&#8221;1\/2&#8243;][vc_column_text css=&#8221;.vc_custom_1516185456886{padding-bottom: 30px !important;}&#8221;]Hava, %21\u2019i Oksijen, %78\u2019i Azot, %1\u2019i Argon ve&hellip;","_links":{"self":[{"href":"https:\/\/www.ulpadust.com\/tr\/wp-json\/wp\/v2\/pages\/3172"}],"collection":[{"href":"https:\/\/www.ulpadust.com\/tr\/wp-json\/wp\/v2\/pages"}],"about":[{"href":"https:\/\/www.ulpadust.com\/tr\/wp-json\/wp\/v2\/types\/page"}],"author":[{"embeddable":true,"href":"https:\/\/www.ulpadust.com\/tr\/wp-json\/wp\/v2\/users\/1"}],"replies":[{"embeddable":true,"href":"https:\/\/www.ulpadust.com\/tr\/wp-json\/wp\/v2\/comments?post=3172"}],"version-history":[{"count":4,"href":"https:\/\/www.ulpadust.com\/tr\/wp-json\/wp\/v2\/pages\/3172\/revisions"}],"predecessor-version":[{"id":3424,"href":"https:\/\/www.ulpadust.com\/tr\/wp-json\/wp\/v2\/pages\/3172\/revisions\/3424"}],"up":[{"embeddable":true,"href":"https:\/\/www.ulpadust.com\/tr\/wp-json\/wp\/v2\/pages\/2852"}],"wp:attachment":[{"href":"https:\/\/www.ulpadust.com\/tr\/wp-json\/wp\/v2\/media?parent=3172"}],"curies":[{"name":"wp","href":"https:\/\/api.w.org\/{rel}","templated":true}]}}