{"id":3177,"date":"2018-01-17T11:15:09","date_gmt":"2018-01-17T08:15:09","guid":{"rendered":"http:\/\/test.ulpatek.com\/filtre-teknolojisi\/kimyasal-filtreleme\/"},"modified":"2018-01-24T13:35:09","modified_gmt":"2018-01-24T10:35:09","slug":"kimyasal-filtreleme","status":"publish","type":"page","link":"https:\/\/www.ulpadust.com\/tr\/filtre-teknolojisi\/kimyasal-filtreleme\/","title":{"rendered":"Kimyasal Filtreleme"},"content":{"rendered":"<p>[vc_row][vc_column][vc_empty_space height=&#8221;20&#8243;][\/vc_column][\/vc_row][vc_row][vc_column width=&#8221;3\/4&#8243;][vc_column_text]<\/p>\n<h2 style=\"font-size: 30px; font-weight: 600; color: #222; font-family: 'Open Sans', sans-serif; margin-top: 0; margin-bottom: 10px;\"><span style=\"color: #17306d;\">Kimyasal Filtreleme<\/span><\/h2>\n<p>Kimyasal filtrasyon medyas\u0131 havadaki kirletici gazlar\u0131 kimyasal reaksiyon ile absorbe eden pelletlerden olu\u015fur ve di\u011fer hava filtreleme sistemlerindeki filtre medyalar\u0131 gibi \u00e7al\u0131\u015fmaz. Medya, spesifik gazlar\u0131n n\u00f6tr hale getirilmesi i\u00e7in \u00f6zel tasarlanm\u0131\u015ft\u0131r. Bu \u00f6zel medyalar ile kirletici gazlar filtrelerin i\u00e7erisinde zarars\u0131z hale d\u00f6n\u00fc\u015ft\u00fcr\u00fcl\u00fcr. B\u00f6ylece kirlenen filtre, di\u011fer t\u00fcr filtrelerdeki gibi tehlikeli bir durum olu\u015fturamaz. Kimyasal filtrasyonun avantajlar\u0131ndan baz\u0131lar\u0131 bunlard\u0131r.<\/p>\n<p>Ulpatek \u00e7e\u015fitli kirletici gazlara kar\u015f\u0131 etkili medyalara sahiptir. Ayr\u0131ca, temiz hava ve korozyon kontrol\u00fc i\u00e7in yap\u0131lacak analizlerden sonra tesislerin ihtiyac\u0131na uygun \u00f6zel medya kar\u0131\u015f\u0131mlar\u0131 olu\u015fturulabilir.[\/vc_column_text][vc_empty_space height=&#8221;20&#8243;][vc_column_text]<\/p>\n<h4 style=\"font-size: 30px; font-weight: 600; color: #222; font-family: 'Open Sans', sans-serif; margin-top: 0; margin-bottom: 10px;\"><span style=\"color: #17306d;\">Kimyasal Filtre Medyalar\u0131<\/span><\/h4>\n<p>[\/vc_column_text][vc_row_inner][vc_column_inner width=&#8221;1\/2&#8243;][vc_empty_space height=&#8221;20&#8243;][vc_single_image image=&#8221;158&#8243; img_size=&#8221;400&#215;350&#8243; alignment=&#8221;center&#8221; css_animation=&#8221;right-to-left&#8221;][\/vc_column_inner][vc_column_inner width=&#8221;1\/2&#8243;][vc_column_text]\u00c7e\u015fitli gazlara kar\u015f\u0131 etkili\u00a0 15&#8217;in \u00fczerinde \u00fczerinde medya bulunmaktad\u0131r.<\/p>\n<p>\u2022 Kat\u0131 Partik\u00fcller &#8211; 0.003 ile 100 mikron<\/p>\n<p>1. sigara duman\u0131<\/p>\n<p>2. toz<\/p>\n<p>\u2022 S\u0131v\u0131lar &amp; buharlar &#8211; 1 ile 9 mikron<\/p>\n<p>1. buharlar<\/p>\n<p>2. \u00e7\u00f6zeltiler<\/p>\n<p>\u2022 Gazlar &#8211; 0,0003 ile\u00a0 0,007 mikron<\/p>\n<p>1. hidrojen s\u00fclf\u00fcr<\/p>\n<p>2. klor[\/vc_column_text][\/vc_column_inner][\/vc_row_inner][vc_row_inner][vc_column_inner][vc_column_text]<\/p>\n<h4 style=\"text-align: left;\">Adsorpsiyon :<\/h4>\n<p style=\"text-align: left;\">Bir maddenin bir di\u011fer madde y\u00fczeyinde tutulmas\u0131 i\u015flemidir.Bu bir fiziksel de\u011fi\u015fimdir.<\/p>\n<p>[\/vc_column_text][vc_column_text]<\/p>\n<h4>Absorpsiyon :<\/h4>\n<p>Bir maddenin ba\u015fka bir maddenin i\u00e7ine n\u00fcfuz etmesidir. Kirletici gaz\u0131n kimyasal reaksiyonlar sonucunda medya ile tutulmas\u0131d\u0131r.[\/vc_column_text][\/vc_column_inner][\/vc_row_inner][vc_empty_space height=&#8221;20&#8243;][vc_column_text]<\/p>\n<h4 style=\"font-size: 30px; font-weight: 600; color: #222; font-family: 'Open Sans', sans-serif; margin-top: 0; margin-bottom: 10px;\"><span style=\"color: #17306d;\">Sekt\u00f6rler<\/span><\/h4>\n<p>[\/vc_column_text][vc_column_text css=&#8221;.vc_custom_1516188439066{padding-bottom: 20px !important;}&#8221;]<\/p>\n<h4>End\u00fcstri sekt\u00f6r\u00fcndeki baz\u0131 problemler ve \u00e7\u00f6z\u00fcmleri:<\/h4>\n<p>[\/vc_column_text][vc_row_inner][vc_column_inner width=&#8221;1\/2&#8243;][vc_column_text]1-Elektrik devre elemanlar\u0131 i\u00e7in korozyon kontrol\u00fc<\/p>\n<p>\u2022Genel korozyon kontrol\u00fc\u00a0\u00a0 \u00a0 Gaz \u00c7e\u015fitleri: H\u2082S, SO\u2082,CI\u2082, NH\u2083,<br \/>\n\u2022Medya \u00e7\u00f6z\u00fcmleri: ULP-Bion+, ULP-Bion+\/Ac, ULP-Biocarb KOH\/KI<\/p>\n<p>2- Emisyon kontrol\u00fc (\u00e7evresel kontrol)<\/p>\n<p>\u2022Gaz \u00e7e\u015fitleri : VOC\u2019s, NOx,..<br \/>\n\u2022Medya \u00e7\u00f6z\u00fcmleri : ULP-Bion AC,ULP- Bion+, ULP-Bion+\/Ac, ULP-Biocarb KOH\/KI<\/p>\n<p>3- Sa\u011fl\u0131\u011f\u0131n korunmas\u0131<\/p>\n<p>\u2022Gaz \u00e7e\u015fitleri: Formaldehyde, NaOH, HCl,\u2026<br \/>\n\u2022Medya \u00e7\u00f6z\u00fcmleri : ULP-Bion AC Active Max, ULP-Bion+\/AC, ULP-Bion Cl[\/vc_column_text][\/vc_column_inner][vc_column_inner width=&#8221;1\/2&#8243;][vc_single_image image=&#8221;171&#8243; img_size=&#8221;400&#215;350&#8243; alignment=&#8221;center&#8221; css_animation=&#8221;right-to-left&#8221;][\/vc_column_inner][\/vc_row_inner][vc_empty_space height=&#8221;20&#8243;][vc_column_text css=&#8221;.vc_custom_1516188600585{padding-bottom: 20px !important;}&#8221;]<\/p>\n<h4>Ticari sekt\u00f6rdeki baz\u0131 problemler ve \u00e7\u00f6z\u00fcmleri:<\/h4>\n<p>[\/vc_column_text][vc_row_inner][vc_column_inner width=&#8221;1\/2&#8243;][vc_single_image image=&#8221;169&#8243; img_size=&#8221;400&#215;350&#8243; alignment=&#8221;center&#8221; css_animation=&#8221;right-to-left&#8221;][\/vc_column_inner][vc_column_inner width=&#8221;1\/2&#8243;][vc_column_text]1-Hava temizleme (ticari alan)<\/p>\n<p>\u2022Gaz \u00c7e\u015fitleri: H\u2082S, SO\u2082,CI\u2082, NH\u2083,<br \/>\n\u2022Medya \u00e7\u00f6z\u00fcmleri:\u00a0 ULP-Bion+,ULP-Bion+\/Ac, ULP-Biocarb KOH\/KI,<\/p>\n<p>2-Hava temizleme (temiz oda, hastaneler, t\u00fcp bebek merkezleri)<\/p>\n<p>\u2022Gaz \u00e7e\u015fitleri : \u00c7evresel kirlenme Medya \u00e7\u00f6z\u00fcmleri :<br \/>\n\u2022ULP-Bion AC,ULP-Bion+, ULP-Bion+\/Ac, ULP-Biocarb KOH\/KI<\/p>\n<p>3- Ar\u015fiv ve tarihi doku koruma<\/p>\n<p>\u2022Gaz \u00e7e\u015fitleri: \u00c7evresel kirlenme<br \/>\n\u2022Medya \u00e7\u00f6z\u00fcmleri : ULP-Bion AC Active Max, ULP-Bion+\/AC, ULP-Bion Cl[\/vc_column_text][\/vc_column_inner][\/vc_row_inner][vc_empty_space height=&#8221;20&#8243;][vc_row_inner][vc_column_inner width=&#8221;1\/2&#8243;][vc_column_text css=&#8221;.vc_custom_1516188746537{padding-bottom: 20px !important;}&#8221;]<\/p>\n<h4>Kamu sekt\u00f6r\u00fcndeki baz\u0131 problemler ve \u00e7\u00f6z\u00fcmleri:<\/h4>\n<p>[\/vc_column_text][vc_column_text]1- WWTP(At\u0131k Su Ar\u0131tma Tesisleri) : Koku kontrol\u00fc<\/p>\n<p>\u2022Gaz \u00e7e\u015fitleri : H\u2082S, Merkaptan, NH\u2083,<br \/>\n\u2022Medya \u00e7\u00f6z\u00fcmleri : ULP-Bion+\/AC, ULP-Biocarb KOH\/KI,<\/p>\n<p>2- Biogaz : Desulfurizasyon , siklosanlar\u0131n uzakla\u015ft\u0131r\u0131lmas\u0131,..<\/p>\n<p>\u2022Gaz \u00e7e\u015fitleri : H\u2082S Medya \u00e7\u00f6z\u00fcmleri :<br \/>\n\u2022ULP- Biocarb KOH\/KI, ULP-Bion Fe[\/vc_column_text][\/vc_column_inner][vc_column_inner width=&#8221;1\/2&#8243;][vc_single_image image=&#8221;170&#8243; img_size=&#8221;400&#215;350&#8243; alignment=&#8221;center&#8221; css_animation=&#8221;right-to-left&#8221;][\/vc_column_inner][\/vc_row_inner][\/vc_column][vc_column width=&#8221;1\/4&#8243;][vc_widget_sidebar sidebar_id=&#8221;project-sidebar&#8221;][\/vc_column][\/vc_row]<\/p>\n","protected":false},"excerpt":{"rendered":"<p>[vc_row][vc_column][vc_empty_space height=&#8221;20&#8243;][\/vc_column][\/vc_row][vc_row][vc_column width=&#8221;3\/4&#8243;][vc_column_text] Kimyasal Filtreleme Kimyasal filtrasyon medyas\u0131 havadaki kirletici gazlar\u0131 kimyasal reaksiyon ile absorbe eden pelletlerden olu\u015fur ve di\u011fer&hellip;<\/p>\n","protected":false},"author":1,"featured_media":0,"parent":2852,"menu_order":11,"comment_status":"closed","ping_status":"closed","template":"","meta":{"footnotes":""},"class_list":["post-3177","page","type-page","status-publish","hentry","no-thumb"],"rttpg_featured_image_url":null,"rttpg_author":{"display_name":"nomads","author_link":"https:\/\/www.ulpadust.com\/tr\/author\/nomads\/"},"rttpg_comment":0,"rttpg_category":null,"rttpg_excerpt":"[vc_row][vc_column][vc_empty_space height=&#8221;20&#8243;][\/vc_column][\/vc_row][vc_row][vc_column width=&#8221;3\/4&#8243;][vc_column_text] Kimyasal Filtreleme Kimyasal filtrasyon medyas\u0131 havadaki kirletici gazlar\u0131 kimyasal reaksiyon ile absorbe eden pelletlerden olu\u015fur ve di\u011fer&hellip;","_links":{"self":[{"href":"https:\/\/www.ulpadust.com\/tr\/wp-json\/wp\/v2\/pages\/3177"}],"collection":[{"href":"https:\/\/www.ulpadust.com\/tr\/wp-json\/wp\/v2\/pages"}],"about":[{"href":"https:\/\/www.ulpadust.com\/tr\/wp-json\/wp\/v2\/types\/page"}],"author":[{"embeddable":true,"href":"https:\/\/www.ulpadust.com\/tr\/wp-json\/wp\/v2\/users\/1"}],"replies":[{"embeddable":true,"href":"https:\/\/www.ulpadust.com\/tr\/wp-json\/wp\/v2\/comments?post=3177"}],"version-history":[{"count":5,"href":"https:\/\/www.ulpadust.com\/tr\/wp-json\/wp\/v2\/pages\/3177\/revisions"}],"predecessor-version":[{"id":3420,"href":"https:\/\/www.ulpadust.com\/tr\/wp-json\/wp\/v2\/pages\/3177\/revisions\/3420"}],"up":[{"embeddable":true,"href":"https:\/\/www.ulpadust.com\/tr\/wp-json\/wp\/v2\/pages\/2852"}],"wp:attachment":[{"href":"https:\/\/www.ulpadust.com\/tr\/wp-json\/wp\/v2\/media?parent=3177"}],"curies":[{"name":"wp","href":"https:\/\/api.w.org\/{rel}","templated":true}]}}