{"id":3179,"date":"2018-01-17T11:15:09","date_gmt":"2018-01-17T08:15:09","guid":{"rendered":"http:\/\/test.ulpatek.com\/filtre-teknolojisi\/en-1822\/"},"modified":"2018-01-24T13:36:32","modified_gmt":"2018-01-24T10:36:32","slug":"en-1822","status":"publish","type":"page","link":"https:\/\/www.ulpadust.com\/tr\/filtre-teknolojisi\/en-1822\/","title":{"rendered":"EN 1822"},"content":{"rendered":"<p>[vc_row][vc_column][vc_empty_space height=&#8221;20&#8243;][\/vc_column][\/vc_row][vc_row][vc_column width=&#8221;3\/4&#8243;][vc_column_text css=&#8221;.vc_custom_1516184482586{padding-bottom: 30px !important;}&#8221;]<\/p>\n<h2 style=\"font-size: 30px; font-weight: 600; color: #222; font-family: 'Open Sans', sans-serif; margin-top: 0; margin-bottom: 10px;\"><span style=\"color: #17306d;\">EN1822 S\u0131n\u0131fland\u0131rma Standard\u0131<\/span><\/h2>\n<p>Havaland\u0131rma ve iklimlendirme sistemlerinin oldu\u011fu temizoda uygulamalar\u0131nda \u00f6rne\u011fin ila\u00e7 end\u00fcstrisinde kullan\u0131lan verimli hava filtreleri (EPA), y\u00fcksek verimli hava filtreleri (HEPA) ve \u00e7ok d\u00fc\u015f\u00fck penetrasyona sahip hava filtreleri (ULPA-filtreler) EN 1822 standartlar\u0131na g\u00f6re s\u0131n\u0131fland\u0131r\u0131l\u0131r ve test edilir.[\/vc_column_text][vc_single_image image=&#8221;3196&#8243; img_size=&#8221;full&#8221;][\/vc_column][vc_column width=&#8221;1\/4&#8243;][vc_widget_sidebar sidebar_id=&#8221;project-sidebar&#8221;][\/vc_column][\/vc_row]<\/p>\n","protected":false},"excerpt":{"rendered":"<p>[vc_row][vc_column][vc_empty_space height=&#8221;20&#8243;][\/vc_column][\/vc_row][vc_row][vc_column width=&#8221;3\/4&#8243;][vc_column_text css=&#8221;.vc_custom_1516184482586{padding-bottom: 30px !important;}&#8221;] EN1822 S\u0131n\u0131fland\u0131rma Standard\u0131 Havaland\u0131rma ve iklimlendirme sistemlerinin oldu\u011fu temizoda uygulamalar\u0131nda \u00f6rne\u011fin ila\u00e7 end\u00fcstrisinde kullan\u0131lan&hellip;<\/p>\n","protected":false},"author":1,"featured_media":0,"parent":2852,"menu_order":13,"comment_status":"closed","ping_status":"closed","template":"","meta":{"footnotes":""},"class_list":["post-3179","page","type-page","status-publish","hentry","no-thumb"],"rttpg_featured_image_url":null,"rttpg_author":{"display_name":"nomads","author_link":"https:\/\/www.ulpadust.com\/tr\/author\/nomads\/"},"rttpg_comment":0,"rttpg_category":null,"rttpg_excerpt":"[vc_row][vc_column][vc_empty_space height=&#8221;20&#8243;][\/vc_column][\/vc_row][vc_row][vc_column width=&#8221;3\/4&#8243;][vc_column_text css=&#8221;.vc_custom_1516184482586{padding-bottom: 30px !important;}&#8221;] EN1822 S\u0131n\u0131fland\u0131rma Standard\u0131 Havaland\u0131rma ve iklimlendirme sistemlerinin oldu\u011fu temizoda uygulamalar\u0131nda \u00f6rne\u011fin ila\u00e7 end\u00fcstrisinde kullan\u0131lan&hellip;","_links":{"self":[{"href":"https:\/\/www.ulpadust.com\/tr\/wp-json\/wp\/v2\/pages\/3179"}],"collection":[{"href":"https:\/\/www.ulpadust.com\/tr\/wp-json\/wp\/v2\/pages"}],"about":[{"href":"https:\/\/www.ulpadust.com\/tr\/wp-json\/wp\/v2\/types\/page"}],"author":[{"embeddable":true,"href":"https:\/\/www.ulpadust.com\/tr\/wp-json\/wp\/v2\/users\/1"}],"replies":[{"embeddable":true,"href":"https:\/\/www.ulpadust.com\/tr\/wp-json\/wp\/v2\/comments?post=3179"}],"version-history":[{"count":6,"href":"https:\/\/www.ulpadust.com\/tr\/wp-json\/wp\/v2\/pages\/3179\/revisions"}],"predecessor-version":[{"id":3422,"href":"https:\/\/www.ulpadust.com\/tr\/wp-json\/wp\/v2\/pages\/3179\/revisions\/3422"}],"up":[{"embeddable":true,"href":"https:\/\/www.ulpadust.com\/tr\/wp-json\/wp\/v2\/pages\/2852"}],"wp:attachment":[{"href":"https:\/\/www.ulpadust.com\/tr\/wp-json\/wp\/v2\/media?parent=3179"}],"curies":[{"name":"wp","href":"https:\/\/api.w.org\/{rel}","templated":true}]}}