{"id":3180,"date":"2018-01-17T11:15:09","date_gmt":"2018-01-17T08:15:09","guid":{"rendered":"http:\/\/test.ulpatek.com\/filtre-teknolojisi\/en-iso-14644-1\/"},"modified":"2018-06-22T09:03:27","modified_gmt":"2018-06-22T06:03:27","slug":"en-iso-14644-1","status":"publish","type":"page","link":"https:\/\/www.ulpadust.com\/tr\/filtre-teknolojisi\/en-iso-14644-1\/","title":{"rendered":"EN ISO 14644-1"},"content":{"rendered":"<p>[vc_row][vc_column][vc_empty_space height=&#8221;20&#8243;][\/vc_column][\/vc_row][vc_row][vc_column width=&#8221;3\/4&#8243;][vc_column_text css=&#8221;.vc_custom_1516184457875{padding-bottom: 30px !important;}&#8221;]<\/p>\n<h2 style=\"font-size: 30px; font-weight: 600; color: #222; font-family: 'Open Sans', sans-serif; margin-top: 0; margin-bottom: 10px;\"><span style=\"color: #17306d;\">EN ISO 14644-1 Standard\u0131<\/span><\/h2>\n<p>EN ISO 14644-1 standard\u0131; temiz odalar ve temiz odalarda birlikte kontrol edilen ortamlar\u0131n hava temizli\u011finin \u00f6zellikle hava ile ta\u015f\u0131nan partik\u00fcl konsantrasyonuna g\u00f6re s\u0131n\u0131fland\u0131r\u0131lmas\u0131n\u0131 kapsar. S\u0131n\u0131fland\u0131rmada, 0,1 \u03bcm\u2019den 5 \u03bcm\u2019ye kadar olan e\u015fik (en alt s\u0131n\u0131r) boyut aral\u0131\u011f\u0131ndaki yay\u0131l\u0131ma dayal\u0131 sadece k\u00fcm\u00fclatif da\u011f\u0131l\u0131m g\u00f6steren partik\u00fcl populasyonlar\u0131 dikkate al\u0131nm\u0131\u015ft\u0131r.[\/vc_column_text][vc_single_image image=&#8221;3192&#8243; img_size=&#8221;full&#8221;][\/vc_column][vc_column width=&#8221;1\/4&#8243;][vc_widget_sidebar sidebar_id=&#8221;project-sidebar&#8221;][\/vc_column][\/vc_row]<\/p>\n","protected":false},"excerpt":{"rendered":"<p>[vc_row][vc_column][vc_empty_space height=&#8221;20&#8243;][\/vc_column][\/vc_row][vc_row][vc_column width=&#8221;3\/4&#8243;][vc_column_text css=&#8221;.vc_custom_1516184457875{padding-bottom: 30px !important;}&#8221;] EN ISO 14644-1 Standard\u0131 EN ISO 14644-1 standard\u0131; temiz odalar ve temiz odalarda birlikte&hellip;<\/p>\n","protected":false},"author":1,"featured_media":4761,"parent":2852,"menu_order":14,"comment_status":"closed","ping_status":"closed","template":"","meta":{"footnotes":""},"class_list":["post-3180","page","type-page","status-publish","has-post-thumbnail","hentry",""],"rttpg_featured_image_url":{"full":["https:\/\/www.ulpadust.com\/wp-content\/uploads\/2018\/06\/EN-ISO-14644-1-Standard\u0131.png",859,378,false],"landscape":["https:\/\/www.ulpadust.com\/wp-content\/uploads\/2018\/06\/EN-ISO-14644-1-Standard\u0131.png",859,378,false],"portraits":["https:\/\/www.ulpadust.com\/wp-content\/uploads\/2018\/06\/EN-ISO-14644-1-Standard\u0131.png",859,378,false],"thumbnail":["https:\/\/www.ulpadust.com\/wp-content\/uploads\/2018\/06\/EN-ISO-14644-1-Standard\u0131-150x150.png",150,150,true],"medium":["https:\/\/www.ulpadust.com\/wp-content\/uploads\/2018\/06\/EN-ISO-14644-1-Standard\u0131-300x132.png",300,132,true],"large":["https:\/\/www.ulpadust.com\/wp-content\/uploads\/2018\/06\/EN-ISO-14644-1-Standard\u0131.png",840,370,false],"1536x1536":["https:\/\/www.ulpadust.com\/wp-content\/uploads\/2018\/06\/EN-ISO-14644-1-Standard\u0131.png",859,378,false],"2048x2048":["https:\/\/www.ulpadust.com\/wp-content\/uploads\/2018\/06\/EN-ISO-14644-1-Standard\u0131.png",859,378,false],"factoryhub-blog-thumb":["https:\/\/www.ulpadust.com\/wp-content\/uploads\/2018\/06\/EN-ISO-14644-1-Standard\u0131-760x378.png",760,378,true],"factoryhub-blog-grid-2-thumb":["https:\/\/www.ulpadust.com\/wp-content\/uploads\/2018\/06\/EN-ISO-14644-1-Standard\u0131-570x300.png",570,300,true],"factoryhub-blog-grid-3-thumb":["https:\/\/www.ulpadust.com\/wp-content\/uploads\/2018\/06\/EN-ISO-14644-1-Standard\u0131-370x230.png",370,230,true],"factoryhub-blog-grid-4-thumb":["https:\/\/www.ulpadust.com\/wp-content\/uploads\/2018\/06\/EN-ISO-14644-1-Standard\u0131-270x180.png",270,180,true],"factoryhub-widget-thumb":["https:\/\/www.ulpadust.com\/wp-content\/uploads\/2018\/06\/EN-ISO-14644-1-Standard\u0131-75x75.png",75,75,true],"factoryhub-single-project-thumb":["https:\/\/www.ulpadust.com\/wp-content\/uploads\/2018\/06\/EN-ISO-14644-1-Standard\u0131.png",859,378,false],"factoryhub-project-full-width-thumb":["https:\/\/www.ulpadust.com\/wp-content\/uploads\/2018\/06\/EN-ISO-14644-1-Standard\u0131.png",859,378,false],"factoryhub-project-grid-thumb":["https:\/\/www.ulpadust.com\/wp-content\/uploads\/2018\/06\/EN-ISO-14644-1-Standard\u0131-570x378.png",570,378,true],"factoryhub-widget-project-thumb":["https:\/\/www.ulpadust.com\/wp-content\/uploads\/2018\/06\/EN-ISO-14644-1-Standard\u0131-84x65.png",84,65,true],"factoryhub-project-carousel-thumb":["https:\/\/www.ulpadust.com\/wp-content\/uploads\/2018\/06\/EN-ISO-14644-1-Standard\u0131-384x340.png",384,340,true],"factoryhub-testimonial-thumb":["https:\/\/www.ulpadust.com\/wp-content\/uploads\/2018\/06\/EN-ISO-14644-1-Standard\u0131-80x80.png",80,80,true],"woocommerce_thumbnail":["https:\/\/www.ulpadust.com\/wp-content\/uploads\/2018\/06\/EN-ISO-14644-1-Standard\u0131-270x270.png",270,270,true],"woocommerce_single":["https:\/\/www.ulpadust.com\/wp-content\/uploads\/2018\/06\/EN-ISO-14644-1-Standard\u0131-370x163.png",370,163,true],"woocommerce_gallery_thumbnail":["https:\/\/www.ulpadust.com\/wp-content\/uploads\/2018\/06\/EN-ISO-14644-1-Standard\u0131-100x100.png",100,100,true],"shop_catalog":["https:\/\/www.ulpadust.com\/wp-content\/uploads\/2018\/06\/EN-ISO-14644-1-Standard\u0131-270x270.png",270,270,true],"shop_single":["https:\/\/www.ulpadust.com\/wp-content\/uploads\/2018\/06\/EN-ISO-14644-1-Standard\u0131-370x163.png",370,163,true],"shop_thumbnail":["https:\/\/www.ulpadust.com\/wp-content\/uploads\/2018\/06\/EN-ISO-14644-1-Standard\u0131-100x100.png",100,100,true]},"rttpg_author":{"display_name":"nomads","author_link":"https:\/\/www.ulpadust.com\/tr\/author\/nomads\/"},"rttpg_comment":0,"rttpg_category":null,"rttpg_excerpt":"[vc_row][vc_column][vc_empty_space height=&#8221;20&#8243;][\/vc_column][\/vc_row][vc_row][vc_column width=&#8221;3\/4&#8243;][vc_column_text css=&#8221;.vc_custom_1516184457875{padding-bottom: 30px !important;}&#8221;] EN ISO 14644-1 Standard\u0131 EN ISO 14644-1 standard\u0131; temiz odalar ve temiz odalarda birlikte&hellip;","_links":{"self":[{"href":"https:\/\/www.ulpadust.com\/tr\/wp-json\/wp\/v2\/pages\/3180"}],"collection":[{"href":"https:\/\/www.ulpadust.com\/tr\/wp-json\/wp\/v2\/pages"}],"about":[{"href":"https:\/\/www.ulpadust.com\/tr\/wp-json\/wp\/v2\/types\/page"}],"author":[{"embeddable":true,"href":"https:\/\/www.ulpadust.com\/tr\/wp-json\/wp\/v2\/users\/1"}],"replies":[{"embeddable":true,"href":"https:\/\/www.ulpadust.com\/tr\/wp-json\/wp\/v2\/comments?post=3180"}],"version-history":[{"count":7,"href":"https:\/\/www.ulpadust.com\/tr\/wp-json\/wp\/v2\/pages\/3180\/revisions"}],"predecessor-version":[{"id":3423,"href":"https:\/\/www.ulpadust.com\/tr\/wp-json\/wp\/v2\/pages\/3180\/revisions\/3423"}],"up":[{"embeddable":true,"href":"https:\/\/www.ulpadust.com\/tr\/wp-json\/wp\/v2\/pages\/2852"}],"wp:featuredmedia":[{"embeddable":true,"href":"https:\/\/www.ulpadust.com\/tr\/wp-json\/wp\/v2\/media\/4761"}],"wp:attachment":[{"href":"https:\/\/www.ulpadust.com\/tr\/wp-json\/wp\/v2\/media?parent=3180"}],"curies":[{"name":"wp","href":"https:\/\/api.w.org\/{rel}","templated":true}]}}