{"id":3304,"date":"2018-01-22T17:01:57","date_gmt":"2018-01-22T14:01:57","guid":{"rendered":"http:\/\/test.ulpatek.com\/?page_id=3304"},"modified":"2024-07-26T11:15:23","modified_gmt":"2024-07-26T08:15:23","slug":"uygulamalar","status":"publish","type":"page","link":"https:\/\/www.ulpadust.com\/tr\/uygulamalar\/","title":{"rendered":"Uygulamalar"},"content":{"rendered":"<p>[vc_row][vc_column][vc_empty_space][\/vc_column][\/vc_row][vc_row][vc_column width=&#8221;1\/3&#8243;][vc_single_image image=&#8221;4192&#8243; img_size=&#8221;370&#215;230&#8243; alignment=&#8221;center&#8221; onclick=&#8221;custom_link&#8221; link=&#8221;\/tr\/uygulamalar\/ilac\/&#8221;][vc_column_text]<\/p>\n<h4 style=\"text-align: left;\"><a href=\"\/tr\/uygulamalar\/ilac\/\">\u0130LA\u00c7<\/a><\/h4>\n<p>\u0130la\u00e7lar\u0131n \u00fcretimi ve paketlenmesi\u00a0esnas\u0131nda\u00a0\u00e7e\u015fitli zararl\u0131 tozlar ortaya \u00e7\u0131kar. Uygulamaya ba\u011fl\u0131 olarak di\u011fer \u00fcr\u00fcnlerin \u00e7apraz kirlenmesi ve\u00a0\u00a0operat\u00f6r\u00fc&#8230;[\/vc_column_text][\/vc_column][vc_column width=&#8221;1\/3&#8243;][vc_single_image image=&#8221;4183&#8243; img_size=&#8221;370&#215;230&#8243; alignment=&#8221;center&#8221; onclick=&#8221;custom_link&#8221; link=&#8221;\/tr\/uygulamalar\/kompozit\/&#8221;][vc_column_text]<\/p>\n<h4 style=\"text-align: left;\"><a href=\"\/tr\/uygulamalar\/kompozit\/\">KOMPOZ\u0130T<\/a><\/h4>\n<p>Geli\u015fen teknoloji ile dayan\u0131kl\u0131 ve hafif malzeme talebi artt\u0131. Bu nedenle, g\u00fcn\u00fcm\u00fczde kompozit malzemeler, havac\u0131l\u0131k, r\u00fczgar enerjisi, denizcilik, otomotiv ve &#8230;[\/vc_column_text][\/vc_column][vc_column width=&#8221;1\/3&#8243;][vc_single_image image=&#8221;4200&#8243; img_size=&#8221;370&#215;230&#8243; alignment=&#8221;center&#8221; onclick=&#8221;custom_link&#8221; link=&#8221;\/tr\/uygulamalar\/gida\/&#8221;][vc_column_text]<\/p>\n<h4 style=\"text-align: left;\"><a href=\"\/tr\/uygulamalar\/gida\/\">GIDA<\/a><\/h4>\n<p>Tozdaki patlama yo\u011funlu\u011fu, par\u00e7ac\u0131k b\u00fcy\u00fckl\u00fc\u011f\u00fc ile do\u011frudan ili\u015fkilidir. Daha k\u00fc\u00e7\u00fck par\u00e7ac\u0131k boyutu, daha b\u00fcy\u00fck derecede tehlike anlam\u0131na gelir&#8230;[\/vc_column_text][\/vc_column][\/vc_row][vc_row][vc_column][vc_empty_space][\/vc_column][\/vc_row][vc_row][vc_column width=&#8221;1\/3&#8243;][vc_single_image image=&#8221;4186&#8243; img_size=&#8221;370&#215;230&#8243; alignment=&#8221;center&#8221; onclick=&#8221;custom_link&#8221; link=&#8221;\/tr\/uygulamalar\/kumlama\/&#8221;][vc_column_text]<\/p>\n<h4 style=\"text-align: left;\"><a href=\"\/tr\/uygulamalar\/kumlama\/\">KUMLAMA<\/a><\/h4>\n<p>Kumlama s\u0131ras\u0131nda a\u015f\u0131nd\u0131r\u0131c\u0131 malzemeler, i\u015flenmi\u015f malzemenin par\u00e7ac\u0131klar\u0131 ve di\u011fer kirleticiler havaya kar\u0131\u015fmakta olup \u00e7al\u0131\u015fma ortam\u0131ndan filtrelenmesi &#8230;[\/vc_column_text][\/vc_column][vc_column width=&#8221;1\/3&#8243;][vc_single_image image=&#8221;4188&#8243; img_size=&#8221;370&#215;230&#8243; alignment=&#8221;center&#8221; onclick=&#8221;custom_link&#8221; link=&#8221;\/tr\/uygulamalar\/lazerplazmakaynak\/&#8221;][vc_column_text]<\/p>\n<h4 style=\"text-align: left;\"><a href=\"\/tr\/uygulamalar\/lazerplazmakaynak\/\">LAZER,PLAZMA,KAYNAK<\/a><\/h4>\n<p>Lazer ve plazma kesimi esnas\u0131nda insan sa\u011fl\u0131\u011f\u0131na ve \u00e7evreye zararl\u0131 bir\u00e7ok toz ve gaz ortaya \u00e7\u0131kmaktad\u0131r. Ortaya \u00e7\u0131kan bu zararl\u0131 toz ve gazlar\u0131 ortamdan&#8230;[\/vc_column_text][\/vc_column][vc_column width=&#8221;1\/3&#8243;][vc_single_image image=&#8221;4190&#8243; img_size=&#8221;370&#215;230&#8243; alignment=&#8221;center&#8221; onclick=&#8221;custom_link&#8221; link=&#8221;\/tr\/uygulamalar\/kimya\/&#8221;][vc_column_text]<\/p>\n<h4 style=\"text-align: left;\"><a href=\"\/tr\/uygulamalar\/kimya\/\">K\u0130MYA<\/a><\/h4>\n<p>Tozlar kimyasal k\u00f6kene g\u00f6re ikiye ayr\u0131l\u0131r: Organik tozlar ve inorganik tozlar. Organik tozlar Akci\u011ferlerde birikmezken, inorganik tozlar akci\u011ferlerde birikerek &#8230;[\/vc_column_text][\/vc_column][\/vc_row][vc_row][vc_column][vc_empty_space][\/vc_column][\/vc_row][vc_row][vc_column width=&#8221;1\/3&#8243;][vc_single_image image=&#8221;4194&#8243; img_size=&#8221;370&#215;230&#8243; alignment=&#8221;center&#8221; onclick=&#8221;custom_link&#8221; link=&#8221;\/tr\/uygulamalar\/kagittrim-transport\/&#8221;][vc_column_text]<\/p>\n<h4 style=\"text-align: left;\"><a href=\"\/tr\/uygulamalar\/kagittrim-transport\/\">KA\u011eIT&amp;TR\u0130M TRANSPORT<\/a><\/h4>\n<p>Ka\u011f\u0131t hurda ve trim ta\u015f\u0131ma sistemlerindeki toz toplama sistemleri, optimum \u00e7al\u0131\u015fma ko\u015fullar\u0131 i\u00e7in \u00e7ok \u00f6nemlidir. Ka\u011f\u0131t, karton kutu filtrelenecek &#8230;[\/vc_column_text][\/vc_column][vc_column width=&#8221;1\/3&#8243;][vc_single_image image=&#8221;4897&#8243; img_size=&#8221;370&#215;230&#8243; alignment=&#8221;center&#8221; onclick=&#8221;custom_link&#8221; link=&#8221;\/tr\/uygulamalar\/lastik-zimparalama\/&#8221;][vc_column_text]<\/p>\n<h4 style=\"text-align: left;\"><a href=\"\/tr\/uygulamalar\/lastik-zimparalama\/\">LAST\u0130K ZIMPARALAMA<\/a><\/h4>\n<p>Eski lastik geri d\u00f6n\u00fc\u015f\u00fcm uygulamalar\u0131ndan kaynaklanan kau\u00e7uk tozu, sa\u011fl\u0131k tehlikesi nedeniyle solunabilir ortamlar i\u00e7in \u00e7ok zararl\u0131d\u0131r. Buna ek &#8230;[\/vc_column_text][\/vc_column][vc_column width=&#8221;1\/3&#8243;][\/vc_column][\/vc_row][vc_row][vc_column][vc_empty_space][\/vc_column][\/vc_row]<\/p>\n","protected":false},"excerpt":{"rendered":"<p>[vc_row][vc_column][vc_empty_space][\/vc_column][\/vc_row][vc_row][vc_column width=&#8221;1\/3&#8243;][vc_single_image image=&#8221;4192&#8243; img_size=&#8221;370&#215;230&#8243; alignment=&#8221;center&#8221; onclick=&#8221;custom_link&#8221; link=&#8221;\/tr\/uygulamalar\/ilac\/&#8221;][vc_column_text] \u0130LA\u00c7 \u0130la\u00e7lar\u0131n \u00fcretimi ve paketlenmesi\u00a0esnas\u0131nda\u00a0\u00e7e\u015fitli zararl\u0131 tozlar ortaya \u00e7\u0131kar. Uygulamaya ba\u011fl\u0131 olarak di\u011fer&hellip;<\/p>\n","protected":false},"author":1,"featured_media":0,"parent":0,"menu_order":0,"comment_status":"closed","ping_status":"closed","template":"","meta":{"footnotes":""},"class_list":["post-3304","page","type-page","status-publish","hentry","no-thumb"],"rttpg_featured_image_url":null,"rttpg_author":{"display_name":"nomads","author_link":"https:\/\/www.ulpadust.com\/tr\/author\/nomads\/"},"rttpg_comment":0,"rttpg_category":null,"rttpg_excerpt":"[vc_row][vc_column][vc_empty_space][\/vc_column][\/vc_row][vc_row][vc_column width=&#8221;1\/3&#8243;][vc_single_image image=&#8221;4192&#8243; img_size=&#8221;370&#215;230&#8243; alignment=&#8221;center&#8221; onclick=&#8221;custom_link&#8221; link=&#8221;\/tr\/uygulamalar\/ilac\/&#8221;][vc_column_text] \u0130LA\u00c7 \u0130la\u00e7lar\u0131n \u00fcretimi ve paketlenmesi\u00a0esnas\u0131nda\u00a0\u00e7e\u015fitli zararl\u0131 tozlar ortaya \u00e7\u0131kar. Uygulamaya ba\u011fl\u0131 olarak di\u011fer&hellip;","_links":{"self":[{"href":"https:\/\/www.ulpadust.com\/tr\/wp-json\/wp\/v2\/pages\/3304"}],"collection":[{"href":"https:\/\/www.ulpadust.com\/tr\/wp-json\/wp\/v2\/pages"}],"about":[{"href":"https:\/\/www.ulpadust.com\/tr\/wp-json\/wp\/v2\/types\/page"}],"author":[{"embeddable":true,"href":"https:\/\/www.ulpadust.com\/tr\/wp-json\/wp\/v2\/users\/1"}],"replies":[{"embeddable":true,"href":"https:\/\/www.ulpadust.com\/tr\/wp-json\/wp\/v2\/comments?post=3304"}],"version-history":[{"count":46,"href":"https:\/\/www.ulpadust.com\/tr\/wp-json\/wp\/v2\/pages\/3304\/revisions"}],"predecessor-version":[{"id":5100,"href":"https:\/\/www.ulpadust.com\/tr\/wp-json\/wp\/v2\/pages\/3304\/revisions\/5100"}],"wp:attachment":[{"href":"https:\/\/www.ulpadust.com\/tr\/wp-json\/wp\/v2\/media?parent=3304"}],"curies":[{"name":"wp","href":"https:\/\/api.w.org\/{rel}","templated":true}]}}