{"id":4178,"date":"2018-05-02T14:20:20","date_gmt":"2018-05-02T11:20:20","guid":{"rendered":"http:\/\/test.ulpadust.com\/?page_id=4178"},"modified":"2024-08-02T10:49:35","modified_gmt":"2024-08-02T07:49:35","slug":"lastik-zimparalama","status":"publish","type":"page","link":"https:\/\/www.ulpadust.com\/tr\/uygulamalar\/lastik-zimparalama\/","title":{"rendered":"Lastik Z\u0131mparalama"},"content":{"rendered":"<p>[vc_row][vc_column width=&#8221;3\/4&#8243;][vc_row_inner][vc_column_inner width=&#8221;1\/2&#8243;][vc_empty_space height=&#8221;20&#8243;][vc_column_text]<strong>Lastik \/ Kau\u00e7uk Ta\u015flama, Kaz\u0131ma ve Geri D\u00f6n\u00fc\u015f\u00fcm Uygulamalar\u0131<\/strong><\/p>\n<p>Eski lastik geri d\u00f6n\u00fc\u015f\u00fcm uygulamalar\u0131ndan kaynaklanan kau\u00e7uk tozu, sa\u011fl\u0131k tehlikesi nedeniyle solunabilir ortamlar i\u00e7in \u00e7ok zararl\u0131d\u0131r. Buna ek olarak, kau\u00e7uk tozunun patlamas\u0131 minimum ST 1&#8217;dir ve yan\u0131c\u0131 olabilir, bu da \u00f6l\u00fcmlere, yaralanmalara, mali ve itibar kay\u0131plar\u0131na neden olabilir.<\/p>\n<p>&nbsp;<\/p>\n<p>Ulpadust sizi g\u00fcvenli, sa\u011fl\u0131kl\u0131, \u00fcretken ve \u00e7evre dostu tutacak.[\/vc_column_text][\/vc_column_inner][vc_column_inner width=&#8221;1\/2&#8243;][vc_single_image image=&#8221;4331&#8243; img_size=&#8221;large&#8221; alignment=&#8221;center&#8221; css_animation=&#8221;right-to-left&#8221;][\/vc_column_inner][\/vc_row_inner][vc_empty_space height=&#8221;20&#8243;][vc_separator][vc_empty_space height=&#8221;20&#8243;][vc_column_text][\/vc_column_text][vc_empty_space height=&#8221;20&#8243;][vc_btn title=&#8221;Lastik Z\u0131mparalama Katalogu&#8221; style=&#8221;custom&#8221; custom_background=&#8221;#ff5400&#8243; custom_text=&#8221;#ffffff&#8221; shape=&#8221;square&#8221; align=&#8221;left&#8221; css_animation=&#8221;fadeIn&#8221; link=&#8221;url:http%3A%2F%2Ftest.ulpadust.com%2Fwp-content%2Fuploads%2F2018%2F05%2Flastik-z%C4%B1mparalama-1.pdf|||&#8221;][vc_empty_space height=&#8221;20&#8243;][vc_row_inner][vc_column_inner][vc_gallery type=&#8221;flexslider_slide&#8221; interval=&#8221;5&#8243; images=&#8221;4332,4333,4695&#8243; img_size=&#8221;full&#8221;][\/vc_column_inner][\/vc_row_inner][vc_empty_space][vc_empty_space][vc_row_inner][vc_column_inner][vc_btn title=&#8221;\u0130LET\u0130\u015e\u0130M&#8221; style=&#8221;custom&#8221; custom_background=&#8221;#17306d&#8221; custom_text=&#8221;#ffffff&#8221; shape=&#8221;square&#8221; align=&#8221;left&#8221; css_animation=&#8221;left-to-right&#8221; link=&#8221;url:%2Ftr%2Filetisim%2F|||&#8221;][\/vc_column_inner][\/vc_row_inner][vc_row_inner][vc_column_inner][\/vc_column_inner][\/vc_row_inner][vc_row_inner][vc_column_inner][\/vc_column_inner][vc_column_inner][\/vc_column_inner][vc_column_inner][\/vc_column_inner][\/vc_row_inner][vc_empty_space height=&#8221;20&#8243;][\/vc_column][vc_column width=&#8221;1\/4&#8243;][vc_widget_sidebar sidebar_id=&#8221;page-sidebar&#8221;][\/vc_column][\/vc_row]<\/p>\n","protected":false},"excerpt":{"rendered":"<p>[vc_row][vc_column width=&#8221;3\/4&#8243;][vc_row_inner][vc_column_inner width=&#8221;1\/2&#8243;][vc_empty_space height=&#8221;20&#8243;][vc_column_text]Lastik \/ Kau\u00e7uk Ta\u015flama, Kaz\u0131ma ve Geri D\u00f6n\u00fc\u015f\u00fcm Uygulamalar\u0131 Eski lastik geri d\u00f6n\u00fc\u015f\u00fcm uygulamalar\u0131ndan kaynaklanan kau\u00e7uk tozu,&hellip;<\/p>\n","protected":false},"author":2,"featured_media":0,"parent":3304,"menu_order":0,"comment_status":"closed","ping_status":"closed","template":"","meta":{"footnotes":""},"class_list":["post-4178","page","type-page","status-publish","hentry","no-thumb"],"rttpg_featured_image_url":null,"rttpg_author":{"display_name":"Ferhat Gurer","author_link":"https:\/\/www.ulpadust.com\/tr\/author\/ferhat\/"},"rttpg_comment":0,"rttpg_category":null,"rttpg_excerpt":"[vc_row][vc_column width=&#8221;3\/4&#8243;][vc_row_inner][vc_column_inner width=&#8221;1\/2&#8243;][vc_empty_space height=&#8221;20&#8243;][vc_column_text]Lastik \/ Kau\u00e7uk Ta\u015flama, Kaz\u0131ma ve Geri D\u00f6n\u00fc\u015f\u00fcm Uygulamalar\u0131 Eski lastik geri d\u00f6n\u00fc\u015f\u00fcm uygulamalar\u0131ndan kaynaklanan kau\u00e7uk tozu,&hellip;","_links":{"self":[{"href":"https:\/\/www.ulpadust.com\/tr\/wp-json\/wp\/v2\/pages\/4178"}],"collection":[{"href":"https:\/\/www.ulpadust.com\/tr\/wp-json\/wp\/v2\/pages"}],"about":[{"href":"https:\/\/www.ulpadust.com\/tr\/wp-json\/wp\/v2\/types\/page"}],"author":[{"embeddable":true,"href":"https:\/\/www.ulpadust.com\/tr\/wp-json\/wp\/v2\/users\/2"}],"replies":[{"embeddable":true,"href":"https:\/\/www.ulpadust.com\/tr\/wp-json\/wp\/v2\/comments?post=4178"}],"version-history":[{"count":8,"href":"https:\/\/www.ulpadust.com\/tr\/wp-json\/wp\/v2\/pages\/4178\/revisions"}],"predecessor-version":[{"id":5213,"href":"https:\/\/www.ulpadust.com\/tr\/wp-json\/wp\/v2\/pages\/4178\/revisions\/5213"}],"up":[{"embeddable":true,"href":"https:\/\/www.ulpadust.com\/tr\/wp-json\/wp\/v2\/pages\/3304"}],"wp:attachment":[{"href":"https:\/\/www.ulpadust.com\/tr\/wp-json\/wp\/v2\/media?parent=4178"}],"curies":[{"name":"wp","href":"https:\/\/api.w.org\/{rel}","templated":true}]}}