{"id":4227,"date":"2017-04-20T07:45:02","date_gmt":"2017-04-20T07:45:02","guid":{"rendered":"http:\/\/test.ulpadust.com\/home-page-1\/"},"modified":"2017-04-20T07:45:02","modified_gmt":"2017-04-20T07:45:02","slug":"home-page-1","status":"publish","type":"page","link":"https:\/\/www.ulpadust.com\/tr\/home-page-1\/","title":{"rendered":"Ana Sayfa"},"content":{"rendered":"<p>[vc_row full_width=&#8221;stretch_row_content_no_spaces&#8221; css=&#8221;.vc_custom_1515831654187{background-color: #fbfbfb !important;}&#8221;][vc_column][rev_slider_vc alias=&#8221;slider_1&#8243;][\/vc_column][\/vc_row][vc_row css=&#8221;.vc_custom_1515833219891{padding-top: 30px !important;padding-bottom: 0px !important;}&#8221;][vc_column][vc_row_inner css=&#8221;.vc_custom_1515833315675{padding-bottom: 20px !important;}&#8221;][vc_column_inner]<div class=\"fh-section-title clearfix  text-left style-1\">\r\n                <h2>Uygulamalar<\/h2>\r\n            <\/div>[\/vc_column_inner][\/vc_row_inner][vc_row_inner][vc_column_inner width=&#8221;1\/3&#8243; css=&#8221;.vc_custom_1515960683462{padding-top: 0px !important;padding-right: 0px !important;padding-bottom: 0px !important;padding-left: 0px !important;}&#8221;][vc_hoverbox image=&#8221;4192&#8243; primary_title=&#8221;\u0130LA\u00c7&#8221; hover_title=&#8221;&#8221; shape=&#8221;square&#8221; hover_background_color=&#8221;custom&#8221; hover_btn_title=&#8221;\u0130LA\u00c7&#8221; hover_btn_style=&#8221;flat&#8221; hover_btn_shape=&#8221;square&#8221; css_animation=&#8221;fadeIn&#8221; hover_add_button=&#8221;true&#8221; hover_custom_background=&#8221;#293133&#8243; hover_btn_link=&#8221;url:%2Fuygulamalar%2Filac%2F|||&#8221; hover_btn_el_class=&#8221;ulpatek-hover-button&#8221;][\/vc_hoverbox][vc_hoverbox image=&#8221;4186&#8243; primary_title=&#8221;KUMLAMA&#8221; hover_title=&#8221;&#8221; shape=&#8221;square&#8221; hover_background_color=&#8221;custom&#8221; hover_btn_title=&#8221;KUMLAMA&#8221; hover_btn_style=&#8221;flat&#8221; hover_btn_shape=&#8221;square&#8221; css_animation=&#8221;fadeIn&#8221; hover_add_button=&#8221;true&#8221; hover_custom_background=&#8221;#293133&#8243; hover_btn_el_class=&#8221;ulpatek-hover-button&#8221; hover_btn_link=&#8221;url:%2Fuygulamalar%2Fenerji-santralleri%2F|||&#8221;][\/vc_hoverbox][vc_hoverbox image=&#8221;4194&#8243; primary_title=&#8221;KA\u011eIT&amp;TR\u0130M TRANSPORT&#8221; hover_title=&#8221;&#8221; shape=&#8221;square&#8221; hover_background_color=&#8221;custom&#8221; hover_btn_title=&#8221;KA\u011eIT&amp;TR\u0130M TRANSPORT&#8221; hover_btn_style=&#8221;flat&#8221; hover_btn_shape=&#8221;square&#8221; css_animation=&#8221;fadeIn&#8221; hover_add_button=&#8221;true&#8221; hover_custom_background=&#8221;#293133&#8243; hover_btn_el_class=&#8221;ulpatek-hover-button&#8221; hover_btn_link=&#8221;url:%2Fuygulamalar%2Fkagittrim-transport%2F|||&#8221;][\/vc_hoverbox][\/vc_column_inner][vc_column_inner width=&#8221;1\/3&#8243; css=&#8221;.vc_custom_1515960698613{padding-top: 0px !important;padding-right: 0px !important;padding-bottom: 0px !important;padding-left: 0px !important;}&#8221;][vc_hoverbox image=&#8221;4183&#8243; primary_title=&#8221;KOMPOZ\u0130T&#8221; hover_title=&#8221;&#8221; shape=&#8221;square&#8221; hover_background_color=&#8221;custom&#8221; hover_btn_title=&#8221;KOMPOZ\u0130T&#8221; hover_btn_style=&#8221;flat&#8221; hover_btn_shape=&#8221;square&#8221; hover_btn_size=&#8221;lg&#8221; css_animation=&#8221;fadeIn&#8221; hover_add_button=&#8221;true&#8221; hover_custom_background=&#8221;#293133&#8243; hover_btn_link=&#8221;url:%2Fuygulamalar%2Fhastaneler%2F|||&#8221; hover_btn_el_class=&#8221;ulpatek-hover-button&#8221;][\/vc_hoverbox][vc_hoverbox image=&#8221;4188&#8243; primary_title=&#8221;LAZER, PLAZMA, KAYNAK&#8221; hover_title=&#8221;&#8221; shape=&#8221;square&#8221; hover_background_color=&#8221;custom&#8221; hover_btn_title=&#8221;LAZER, PLAZMA, KAYNAK&#8221; hover_btn_style=&#8221;flat&#8221; hover_btn_shape=&#8221;square&#8221; css_animation=&#8221;fadeIn&#8221; hover_add_button=&#8221;true&#8221; hover_custom_background=&#8221;#293133&#8243; hover_btn_el_class=&#8221;ulpatek-hover-button&#8221; hover_btn_link=&#8221;url:%2Fuygulamalar%2Flazer-plazma-kaynak%2F|||&#8221;][\/vc_hoverbox][vc_hoverbox image=&#8221;4196&#8243; primary_title=&#8221;LAST\u0130K ZIMPARALAMA&#8221; hover_title=&#8221;&#8221; shape=&#8221;square&#8221; hover_background_color=&#8221;custom&#8221; hover_btn_title=&#8221;LAST\u0130K ZIMPARALAMA&#8221; hover_btn_style=&#8221;flat&#8221; hover_btn_shape=&#8221;square&#8221; css_animation=&#8221;fadeIn&#8221; hover_add_button=&#8221;true&#8221; hover_custom_background=&#8221;#293133&#8243; hover_btn_el_class=&#8221;ulpatek-hover-button&#8221; hover_btn_link=&#8221;url:%2Fuygulamalar%2Flastik-zimparalama%2F|||&#8221;][\/vc_hoverbox][\/vc_column_inner][vc_column_inner width=&#8221;1\/3&#8243; css=&#8221;.vc_custom_1515960706951{padding-top: 0px !important;padding-right: 0px !important;padding-bottom: 0px !important;padding-left: 0px !important;}&#8221;][vc_hoverbox image=&#8221;4200&#8243; primary_title=&#8221;GIDA&#8221; hover_title=&#8221;&#8221; shape=&#8221;square&#8221; hover_background_color=&#8221;custom&#8221; hover_btn_title=&#8221;GIDA&#8221; hover_btn_style=&#8221;flat&#8221; hover_btn_shape=&#8221;square&#8221; css_animation=&#8221;fadeIn&#8221; hover_add_button=&#8221;true&#8221; hover_custom_background=&#8221;#293133&#8243; hover_btn_link=&#8221;url:%2Fuygulamalar%2Fgida%2F|||&#8221; hover_btn_el_class=&#8221;ulpatek-hover-button&#8221;][\/vc_hoverbox][vc_hoverbox image=&#8221;4190&#8243; primary_title=&#8221;K\u0130MYA&#8221; hover_title=&#8221;&#8221; shape=&#8221;square&#8221; hover_background_color=&#8221;custom&#8221; hover_btn_title=&#8221;K\u0130MYA&#8221; hover_btn_style=&#8221;flat&#8221; hover_btn_shape=&#8221;square&#8221; css_animation=&#8221;fadeIn&#8221; hover_add_button=&#8221;true&#8221; hover_custom_background=&#8221;#293133&#8243; hover_btn_el_class=&#8221;ulpatek-hover-button&#8221; hover_btn_link=&#8221;url:%2Fuygulamalar%2Fendustriyel%2F|||&#8221;][\/vc_hoverbox][vc_hoverbox image=&#8221;4197&#8243; primary_title=&#8221;YA\u011e BUHARI&#8221; hover_title=&#8221;&#8221; shape=&#8221;square&#8221; hover_background_color=&#8221;custom&#8221; hover_btn_title=&#8221;YA\u011e BUHARI&#8221; hover_btn_style=&#8221;flat&#8221; hover_btn_shape=&#8221;square&#8221; css_animation=&#8221;fadeIn&#8221; hover_add_button=&#8221;true&#8221; hover_custom_background=&#8221;#293133&#8243; hover_btn_el_class=&#8221;ulpatek-hover-button&#8221; hover_btn_link=&#8221;url:%2Fuygulamalar%2Fyag-buhari%2F|||&#8221;][\/vc_hoverbox][\/vc_column_inner][\/vc_row_inner][\/vc_column][\/vc_row][vc_row css=&#8221;.vc_custom_1515833233773{padding-top: 30px !important;padding-bottom: 0px !important;}&#8221;][vc_column][vc_empty_space height=&#8221;20&#8243;][vc_row_inner css=&#8221;.vc_custom_1515833301841{padding-bottom: 20px !important;}&#8221;][vc_column_inner]<div class=\"fh-section-title clearfix  text-left style-1\">\r\n                <h2>Hakk\u0131m\u0131zda<\/h2>\r\n            <\/div>[\/vc_column_inner][\/vc_row_inner][vc_row_inner css=&#8221;.vc_custom_1515833363207{margin-top: 0px !important;}&#8221;][vc_column_inner width=&#8221;1\/2&#8243;][vc_images_carousel images=&#8221;3081,3082&#8243; img_size=&#8221;full&#8221; onclick=&#8221;link_no&#8221; speed=&#8221;3500&#8243; autoplay=&#8221;yes&#8221; hide_pagination_control=&#8221;yes&#8221;][\/vc_column_inner][vc_column_inner width=&#8221;1\/2&#8243; css=&#8221;.vc_custom_1492575796003{border-top-width: 1px !important;border-right-width: 1px !important;border-bottom-width: 1px !important;border-left-width: 1px !important;padding-top: 30px !important;border-left-color: #f4f4f4 !important;border-left-style: solid !important;border-right-color: #f4f4f4 !important;border-right-style: solid !important;border-top-color: #f4f4f4 !important;border-top-style: solid !important;border-bottom-color: #f4f4f4 !important;border-bottom-style: solid !important;}&#8221;][vc_column_text]ULPATEK firmas\u0131n\u0131n kurucular\u0131 ila\u00e7, sa\u011fl\u0131k, tekstil ve g\u0131da sekt\u00f6rlerinde sahip olduklar\u0131 40 y\u0131ll\u0131k tecr\u00fcbelerine temiz hava ve filtre konular\u0131ndaki bilgi ve deneyimlerini katarak, en basit havaland\u0131rma sistemlerinden temiz odalara kadar b\u00fct\u00fcn iklimlendirme sistemlerinin filtre ihtiya\u00e7lar\u0131na kar\u015f\u0131l\u0131k verebilecek uluslararas\u0131 standartlara uygun, en y\u00fcksek kalitede Kaba, Orta, Hassas, EPA, HEPA ve ULPA filtrelerden olu\u015fan geni\u015f bir \u00fcr\u00fcn ailesi olu\u015fturmak i\u00e7in ULPATEK firmas\u0131n\u0131 kurmu\u015ftur.<\/p>\n<p>[\/vc_column_text][vc_empty_space][vc_btn title=&#8221;Devam&#8221; shape=&#8221;round&#8221; color=&#8221;white&#8221; align=&#8221;center&#8221; link=&#8221;url:%2Fkurumsal%2Fhakkimizda%2F|title:Devam||&#8221; el_class=&#8221;about-btn&#8221;][\/vc_column_inner][\/vc_row_inner][\/vc_column][\/vc_row][vc_row css=&#8221;.vc_custom_1515833244979{padding-top: 30px !important;padding-bottom: 0px !important;}&#8221;][vc_column][vc_empty_space height=&#8221;20&#8243;]<div class=\"fh-section-title clearfix  text-left style-1\">\r\n                <h2>Haberler<\/h2>\r\n            <\/div>[vc_btn title=&#8221;T\u00fcm Haberler&#8221; style=&#8221;custom&#8221; custom_background=&#8221;#293133&#8243; custom_text=&#8221;#ffffff&#8221; shape=&#8221;round&#8221; size=&#8221;sm&#8221; align=&#8221;right&#8221; css_animation=&#8221;fadeIn&#8221; link=&#8221;url:%2Fhaberler%2F|||&#8221;]<div class=\"fh-latest-post \">\r\n                <div class=\"post-list\" id=\"post-slider-69f4fc2024eef\"><div class=\"item-latest-post \">\r\n\t\t\t\t\t<div class=\"entry-thumbnail\"><a href=\"https:\/\/www.ulpadust.com\/tr\/360-showroom-turumuzu-ziyaret-edin\/\"><img decoding=\"async\" src=\"https:\/\/www.ulpadust.com\/wp-content\/uploads\/2024\/12\/360_icon-370x230.png\" alt=\"360 Showroom Turumuzu Ziyaret Edin!\"><i class=\"fa fa-link\" aria-hidden=\"true\"><\/i><\/a><\/div>\r\n\t\t\t\t\t<div class=\"entry-header\">\r\n\t\t\t\t\t\t<div class=\"entry-meta\"><span class=\"meta posted-on\"><a href=\"https:\/\/www.ulpadust.com\/tr\/360-showroom-turumuzu-ziyaret-edin\/\" rel=\"bookmark\"><i class=\"fa fa-clock-o\" aria-hidden=\"true\"><\/i><time class=\"entry-date published updated\" datetime=\"2024-12-10T16:11:35+03:00\">10 Aral\u0131k 2024<\/time><\/a><\/span><\/div>\r\n\t\t\t\t\t\t<h2 class=\"entry-title\"><a href=\"https:\/\/www.ulpadust.com\/tr\/360-showroom-turumuzu-ziyaret-edin\/\">360 Showroom Turumuzu Ziyaret Edin!<\/a><\/h2>\r\n\t\t\t\t\t<\/div>\r\n\t\t\t\t\t<div class=\"line\"><\/div>\r\n\t\t\t\t<\/div><div class=\"item-latest-post \">\r\n\t\t\t\t\t<div class=\"entry-thumbnail\"><a href=\"https:\/\/www.ulpadust.com\/tr\/yeni-ulpadust-katalogu\/\"><img decoding=\"async\" src=\"https:\/\/www.ulpadust.com\/wp-content\/uploads\/2020\/12\/Toz-Toplama-2-1-370x230.jpg\" alt=\"Yeni ULPADUST Katalo\u011fu!\"><i class=\"fa fa-link\" aria-hidden=\"true\"><\/i><\/a><\/div>\r\n\t\t\t\t\t<div class=\"entry-header\">\r\n\t\t\t\t\t\t<div class=\"entry-meta\"><span class=\"meta posted-on\"><a href=\"https:\/\/www.ulpadust.com\/tr\/yeni-ulpadust-katalogu\/\" rel=\"bookmark\"><i class=\"fa fa-clock-o\" aria-hidden=\"true\"><\/i><time class=\"entry-date published updated\" datetime=\"2020-12-24T16:08:38+03:00\">24 Aral\u0131k 2020<\/time><\/a><\/span><\/div>\r\n\t\t\t\t\t\t<h2 class=\"entry-title\"><a href=\"https:\/\/www.ulpadust.com\/tr\/yeni-ulpadust-katalogu\/\">Yeni ULPADUST Katalo\u011fu!<\/a><\/h2>\r\n\t\t\t\t\t<\/div>\r\n\t\t\t\t\t<div class=\"line\"><\/div>\r\n\t\t\t\t<\/div><div class=\"item-latest-post \">\r\n\t\t\t\t\t<div class=\"entry-thumbnail\"><a href=\"https:\/\/www.ulpadust.com\/tr\/ulpadust-toz-toplama-sistemlerinde-yerli-cozum-olmaya-kararli\/\"><img decoding=\"async\" src=\"https:\/\/www.ulpadust.com\/wp-content\/uploads\/2018\/03\/k_ulpadust-toz-toplama-sistemle290x460-370x230.jpg\" alt=\"Ulpadust, Toz Toplama Sistemlerinde yerli \u00e7\u00f6z\u00fcm olmaya kararl\u0131!\"><i class=\"fa fa-link\" aria-hidden=\"true\"><\/i><\/a><\/div>\r\n\t\t\t\t\t<div class=\"entry-header\">\r\n\t\t\t\t\t\t<div class=\"entry-meta\"><span class=\"meta posted-on\"><a href=\"https:\/\/www.ulpadust.com\/tr\/ulpadust-toz-toplama-sistemlerinde-yerli-cozum-olmaya-kararli\/\" rel=\"bookmark\"><i class=\"fa fa-clock-o\" aria-hidden=\"true\"><\/i><time class=\"entry-date published updated\" datetime=\"2018-03-28T14:47:42+03:00\">28 Mart 2018<\/time><\/a><\/span><\/div>\r\n\t\t\t\t\t\t<h2 class=\"entry-title\"><a href=\"https:\/\/www.ulpadust.com\/tr\/ulpadust-toz-toplama-sistemlerinde-yerli-cozum-olmaya-kararli\/\">Ulpadust, Toz Toplama Sistemlerinde yerli \u00e7\u00f6z\u00fcm olmaya kararl\u0131!<\/a><\/h2>\r\n\t\t\t\t\t<\/div>\r\n\t\t\t\t\t<div class=\"line\"><\/div>\r\n\t\t\t\t<\/div><div class=\"item-latest-post \">\r\n\t\t\t\t\t<div class=\"entry-thumbnail\"><a href=\"https:\/\/www.ulpadust.com\/tr\/ttmd-hijyenik-alanlarda-partikul-filtrasyonu-semineri-2\/\"><img decoding=\"async\" src=\"https:\/\/www.ulpadust.com\/wp-content\/uploads\/2018\/03\/yeni-haber-290x460-370x230.jpg\" alt=\"TTMD, \u201cHijyenik Alanlarda Partik\u00fcl Filtrasyonu\u201d Semineri\"><i class=\"fa fa-link\" aria-hidden=\"true\"><\/i><\/a><\/div>\r\n\t\t\t\t\t<div class=\"entry-header\">\r\n\t\t\t\t\t\t<div class=\"entry-meta\"><span class=\"meta posted-on\"><a href=\"https:\/\/www.ulpadust.com\/tr\/ttmd-hijyenik-alanlarda-partikul-filtrasyonu-semineri-2\/\" rel=\"bookmark\"><i class=\"fa fa-clock-o\" aria-hidden=\"true\"><\/i><time class=\"entry-date published updated\" datetime=\"2018-03-28T14:38:39+03:00\">28 Mart 2018<\/time><\/a><\/span><\/div>\r\n\t\t\t\t\t\t<h2 class=\"entry-title\"><a href=\"https:\/\/www.ulpadust.com\/tr\/ttmd-hijyenik-alanlarda-partikul-filtrasyonu-semineri-2\/\">TTMD, \u201cHijyenik Alanlarda Partik\u00fcl Filtrasyonu\u201d Semineri<\/a><\/h2>\r\n\t\t\t\t\t<\/div>\r\n\t\t\t\t\t<div class=\"line\"><\/div>\r\n\t\t\t\t<\/div><\/div>\r\n            <\/div>[vc_empty_space height=&#8221;30&#8243;][\/vc_column][vc_column][\/vc_column][\/vc_row]<\/p>\n","protected":false},"excerpt":{"rendered":"<p>[vc_row full_width=&#8221;stretch_row_content_no_spaces&#8221; css=&#8221;.vc_custom_1515831654187{background-color: #fbfbfb !important;}&#8221;][vc_column][rev_slider_vc alias=&#8221;slider_1&#8243;][\/vc_column][\/vc_row][vc_row css=&#8221;.vc_custom_1515833219891{padding-top: 30px !important;padding-bottom: 0px !important;}&#8221;][vc_column][vc_row_inner css=&#8221;.vc_custom_1515833315675{padding-bottom: 20px !important;}&#8221;][vc_column_inner][\/vc_column_inner][\/vc_row_inner][vc_row_inner][vc_column_inner width=&#8221;1\/3&#8243; css=&#8221;.vc_custom_1515960683462{padding-top: 0px !important;padding-right: 0px !important;padding-bottom:&hellip;<\/p>\n","protected":false},"author":1,"featured_media":0,"parent":0,"menu_order":0,"comment_status":"closed","ping_status":"closed","template":"","meta":{"footnotes":""},"class_list":["post-4227","page","type-page","status-publish","hentry",""],"rttpg_featured_image_url":null,"rttpg_author":{"display_name":"nomads","author_link":"https:\/\/www.ulpadust.com\/tr\/author\/nomads\/"},"rttpg_comment":0,"rttpg_category":"","rttpg_excerpt":"[vc_row full_width=&#8221;stretch_row_content_no_spaces&#8221; css=&#8221;.vc_custom_1515831654187{background-color: #fbfbfb !important;}&#8221;][vc_column][rev_slider_vc alias=&#8221;slider_1&#8243;][\/vc_column][\/vc_row][vc_row css=&#8221;.vc_custom_1515833219891{padding-top: 30px !important;padding-bottom: 0px !important;}&#8221;][vc_column][vc_row_inner css=&#8221;.vc_custom_1515833315675{padding-bottom: 20px !important;}&#8221;][vc_column_inner][\/vc_column_inner][\/vc_row_inner][vc_row_inner][vc_column_inner width=&#8221;1\/3&#8243; css=&#8221;.vc_custom_1515960683462{padding-top: 0px !important;padding-right: 0px !important;padding-bottom:&hellip;","_links":{"self":[{"href":"https:\/\/www.ulpadust.com\/tr\/wp-json\/wp\/v2\/pages\/4227"}],"collection":[{"href":"https:\/\/www.ulpadust.com\/tr\/wp-json\/wp\/v2\/pages"}],"about":[{"href":"https:\/\/www.ulpadust.com\/tr\/wp-json\/wp\/v2\/types\/page"}],"author":[{"embeddable":true,"href":"https:\/\/www.ulpadust.com\/tr\/wp-json\/wp\/v2\/users\/1"}],"replies":[{"embeddable":true,"href":"https:\/\/www.ulpadust.com\/tr\/wp-json\/wp\/v2\/comments?post=4227"}],"version-history":[{"count":0,"href":"https:\/\/www.ulpadust.com\/tr\/wp-json\/wp\/v2\/pages\/4227\/revisions"}],"wp:attachment":[{"href":"https:\/\/www.ulpadust.com\/tr\/wp-json\/wp\/v2\/media?parent=4227"}],"curies":[{"name":"wp","href":"https:\/\/api.w.org\/{rel}","templated":true}]}}