{"id":4500,"date":"2018-05-31T17:23:33","date_gmt":"2018-05-31T14:23:33","guid":{"rendered":"http:\/\/test.ulpadust.com\/?page_id=4500"},"modified":"2018-06-13T15:37:53","modified_gmt":"2018-06-13T12:37:53","slug":"kompozit","status":"publish","type":"page","link":"https:\/\/www.ulpadust.com\/tr\/uygulamalar\/kompozit\/","title":{"rendered":"Kompozit"},"content":{"rendered":"<p>[vc_row][vc_column width=&#8221;3\/4&#8243;][vc_row_inner][vc_column_inner width=&#8221;1\/2&#8243;][vc_empty_space height=&#8221;20&#8243;][vc_column_text]<strong>Kompozit Uygulamalar<\/strong><\/p>\n<p>Geli\u015fen teknoloji ile dayan\u0131kl\u0131 ve hafif malzeme talebi artt\u0131. Bu nedenle, g\u00fcn\u00fcm\u00fczde kompozit malzemeler, havac\u0131l\u0131k, r\u00fczgar enerjisi, denizcilik, otomotiv ve elektrik ve elektronik sekt\u00f6rlerinde s\u0131kl\u0131kla kullan\u0131lmaktad\u0131r.<\/p>\n<p>Temiz ve tozsuz y\u00fczeyler, kompozit malzemelerin yap\u0131\u015ft\u0131r\u0131lmas\u0131 s\u0131ras\u0131nda maksimum yap\u0131\u015fma elde edilmesinde kritik bir role sahiptir. Bilindi\u011fi gibi, kesme, delme, ta\u015flama ve parlatma s\u0131ras\u0131nda toz ve partik\u00fcller tehlikeli konsantrasyonlarda olu\u015fur.<\/p>\n<p>[\/vc_column_text][\/vc_column_inner][vc_column_inner width=&#8221;1\/2&#8243;][vc_single_image image=&#8221;4515&#8243; img_size=&#8221;large&#8221; alignment=&#8221;center&#8221; css_animation=&#8221;right-to-left&#8221;][\/vc_column_inner][\/vc_row_inner][vc_empty_space height=&#8221;20&#8243;][vc_separator][vc_empty_space height=&#8221;20&#8243;][vc_column_text]El aletinden vakumlama y\u00f6ntemi, mahaldeki tozu kayna\u011f\u0131nda gidermek i\u00e7in en etkili y\u00f6ntemdir. Bununla birlikte, baz\u0131 uygulamalarda toz, toz emi\u015f masas\u0131, slot vakum veya di\u011fer terzi usul\u00fc \u00e7\u00f6z\u00fcmler ile tutulmal\u0131d\u0131r. Ayr\u0131ca bu ortamlar\u0131n, kapal\u0131 alan i\u00e7in minimum gereken hava \u00e7evrim say\u0131s\u0131n\u0131 (ACH) sa\u011flamak i\u00e7in do\u011fru filtrasyon sistemleri ile desteklenmesi gerekmektedir.<\/p>\n<p>Vakum ve toz toplama sistemleri Ulpadust kontrol sistemleri ile kademeli olarak \u00e7al\u0131\u015ft\u0131r\u0131labilir. Ulpadust kontrol sistemleri, enerji tasarrufu sa\u011flayan PLC ve VSD se\u00e7enekleriyle birlikte otomatik pn\u00f6matik ve elektro-pn\u00f6matik valf \u00e7\u00f6z\u00fcmleri birlikte kullan\u0131lmaktad\u0131r.[\/vc_column_text][vc_empty_space height=&#8221;20&#8243;][vc_btn title=&#8221;Kompozit Uygulama Katalogu&#8221; style=&#8221;custom&#8221; custom_background=&#8221;#ff5400&#8243; custom_text=&#8221;#ffffff&#8221; shape=&#8221;square&#8221; align=&#8221;left&#8221; css_animation=&#8221;left-to-right&#8221; link=&#8221;url:http%3A%2F%2Fulpadust.com%2Fwp-content%2Fuploads%2F2018%2F06%2Fcomposite-applications.pdf|||&#8221;][vc_empty_space height=&#8221;20&#8243;][vc_row_inner][vc_column_inner][\/vc_column_inner][\/vc_row_inner][vc_empty_space][vc_empty_space][vc_row_inner][vc_column_inner][vc_btn title=&#8221;\u0130LET\u0130\u015e\u0130M&#8221; style=&#8221;custom&#8221; custom_background=&#8221;#17306d&#8221; custom_text=&#8221;#ffffff&#8221; shape=&#8221;square&#8221; align=&#8221;left&#8221; css_animation=&#8221;left-to-right&#8221; link=&#8221;url:%2Ftr%2Filetisim%2F|||&#8221;][\/vc_column_inner][\/vc_row_inner][vc_row_inner][vc_column_inner][\/vc_column_inner][\/vc_row_inner][vc_row_inner][vc_column_inner][\/vc_column_inner][vc_column_inner][\/vc_column_inner][vc_column_inner][\/vc_column_inner][\/vc_row_inner][vc_empty_space height=&#8221;20&#8243;][\/vc_column][vc_column width=&#8221;1\/4&#8243;][vc_widget_sidebar sidebar_id=&#8221;page-sidebar&#8221;][\/vc_column][\/vc_row]<\/p>\n","protected":false},"excerpt":{"rendered":"<p>[vc_row][vc_column width=&#8221;3\/4&#8243;][vc_row_inner][vc_column_inner width=&#8221;1\/2&#8243;][vc_empty_space height=&#8221;20&#8243;][vc_column_text]Kompozit Uygulamalar Geli\u015fen teknoloji ile dayan\u0131kl\u0131 ve hafif malzeme talebi artt\u0131. Bu nedenle, g\u00fcn\u00fcm\u00fczde kompozit malzemeler, havac\u0131l\u0131k,&hellip;<\/p>\n","protected":false},"author":2,"featured_media":0,"parent":3304,"menu_order":0,"comment_status":"closed","ping_status":"closed","template":"","meta":{"footnotes":""},"class_list":["post-4500","page","type-page","status-publish","hentry","no-thumb"],"rttpg_featured_image_url":null,"rttpg_author":{"display_name":"Ferhat Gurer","author_link":"https:\/\/www.ulpadust.com\/tr\/author\/ferhat\/"},"rttpg_comment":0,"rttpg_category":null,"rttpg_excerpt":"[vc_row][vc_column width=&#8221;3\/4&#8243;][vc_row_inner][vc_column_inner width=&#8221;1\/2&#8243;][vc_empty_space height=&#8221;20&#8243;][vc_column_text]Kompozit Uygulamalar Geli\u015fen teknoloji ile dayan\u0131kl\u0131 ve hafif malzeme talebi artt\u0131. Bu nedenle, g\u00fcn\u00fcm\u00fczde kompozit malzemeler, havac\u0131l\u0131k,&hellip;","_links":{"self":[{"href":"https:\/\/www.ulpadust.com\/tr\/wp-json\/wp\/v2\/pages\/4500"}],"collection":[{"href":"https:\/\/www.ulpadust.com\/tr\/wp-json\/wp\/v2\/pages"}],"about":[{"href":"https:\/\/www.ulpadust.com\/tr\/wp-json\/wp\/v2\/types\/page"}],"author":[{"embeddable":true,"href":"https:\/\/www.ulpadust.com\/tr\/wp-json\/wp\/v2\/users\/2"}],"replies":[{"embeddable":true,"href":"https:\/\/www.ulpadust.com\/tr\/wp-json\/wp\/v2\/comments?post=4500"}],"version-history":[{"count":6,"href":"https:\/\/www.ulpadust.com\/tr\/wp-json\/wp\/v2\/pages\/4500\/revisions"}],"predecessor-version":[{"id":4730,"href":"https:\/\/www.ulpadust.com\/tr\/wp-json\/wp\/v2\/pages\/4500\/revisions\/4730"}],"up":[{"embeddable":true,"href":"https:\/\/www.ulpadust.com\/tr\/wp-json\/wp\/v2\/pages\/3304"}],"wp:attachment":[{"href":"https:\/\/www.ulpadust.com\/tr\/wp-json\/wp\/v2\/media?parent=4500"}],"curies":[{"name":"wp","href":"https:\/\/api.w.org\/{rel}","templated":true}]}}